{"id":24781,"date":"2026-03-12T00:18:50","date_gmt":"2026-03-11T23:18:50","guid":{"rendered":"https:\/\/antiquariat-steinbach.com\/rarebooks\/produkt\/pilze-buchmeier-marie-neues-pilz-oder-schwammerl-kochbuch-2\/"},"modified":"2026-03-12T00:18:50","modified_gmt":"2026-03-11T23:18:50","slug":"pilze-buchmeier-marie-neues-pilz-oder-schwammerl-kochbuch","status":"publish","type":"product","link":"https:\/\/antiquariat-steinbach.com\/rarebooks\/produkt\/pilze-buchmeier-marie-neues-pilz-oder-schwammerl-kochbuch\/","title":{"rendered":"Pilze &#8211;   Buchmeier, Marie: &#8211;  Neues Pilz- oder Schwammerl-Kochbuch."},"content":{"rendered":"<p>Regensburg, Habbel o.J. (um 1900).<\/p>\n<p>4. Auflage. 17,5 : 11,5 cm. 160 Seiten mit 37 farbigen Abbildungen auf 6 Tafeln. Original-Pappband.<\/p>\n<p>70,00 EUR<\/p>\n","protected":false},"excerpt":{"rendered":"<p>Enth\u00e4lt 218 Originalrezepte f\u00fcr Schwammerlsuppe, Schwammerkl\u00f6se, Saucen, P\u00fcrees, Eier-, Fleisch- und Fischspeisen, Gem\u00fcse etc. Die Tafeln zeigen 37 in den Kochrezepten verarbeitete Pilzarten. &#8211; Weiss 537.<\/p>\n","protected":false},"featured_media":24783,"template":"","meta":[],"product_brand":[],"product_cat":[58,112,359,914],"product_tag":[],"class_list":{"0":"post-24781","1":"product","2":"type-product","3":"status-publish","4":"has-post-thumbnail","6":"product_cat-gastronomie","7":"product_cat-kochbuecher","8":"product_cat-pilze","9":"product_cat-zvab","11":"first","12":"instock","13":"purchasable","14":"product-type-simple"},"_links":{"self":[{"href":"https:\/\/antiquariat-steinbach.com\/rarebooks\/wp-json\/wp\/v2\/product\/24781","targetHints":{"allow":["GET"]}}],"collection":[{"href":"https:\/\/antiquariat-steinbach.com\/rarebooks\/wp-json\/wp\/v2\/product"}],"about":[{"href":"https:\/\/antiquariat-steinbach.com\/rarebooks\/wp-json\/wp\/v2\/types\/product"}],"version-history":[{"count":1,"href":"https:\/\/antiquariat-steinbach.com\/rarebooks\/wp-json\/wp\/v2\/product\/24781\/revisions"}],"predecessor-version":[{"id":24782,"href":"https:\/\/antiquariat-steinbach.com\/rarebooks\/wp-json\/wp\/v2\/product\/24781\/revisions\/24782"}],"wp:featuredmedia":[{"embeddable":true,"href":"https:\/\/antiquariat-steinbach.com\/rarebooks\/wp-json\/wp\/v2\/media\/24783"}],"wp:attachment":[{"href":"https:\/\/antiquariat-steinbach.com\/rarebooks\/wp-json\/wp\/v2\/media?parent=24781"}],"wp:term":[{"taxonomy":"product_brand","embeddable":true,"href":"https:\/\/antiquariat-steinbach.com\/rarebooks\/wp-json\/wp\/v2\/product_brand?post=24781"},{"taxonomy":"product_cat","embeddable":true,"href":"https:\/\/antiquariat-steinbach.com\/rarebooks\/wp-json\/wp\/v2\/product_cat?post=24781"},{"taxonomy":"product_tag","embeddable":true,"href":"https:\/\/antiquariat-steinbach.com\/rarebooks\/wp-json\/wp\/v2\/product_tag?post=24781"}],"curies":[{"name":"wp","href":"https:\/\/api.w.org\/{rel}","templated":true}]}}