{"id":24764,"date":"2026-03-12T00:18:41","date_gmt":"2026-03-11T23:18:41","guid":{"rendered":"https:\/\/antiquariat-steinbach.com\/rarebooks\/produkt\/pfister-bernhard-lujo-brentano-das-leben-eines-kaempfers\/"},"modified":"2026-03-12T00:18:42","modified_gmt":"2026-03-11T23:18:42","slug":"pfister-bernhard-lujo-brentano-das-leben-eines-kaempfers","status":"publish","type":"product","link":"https:\/\/antiquariat-steinbach.com\/rarebooks\/produkt\/pfister-bernhard-lujo-brentano-das-leben-eines-kaempfers\/","title":{"rendered":"Pfister, Bernhard. &#8211;  Lujo Brentano. Das Leben eines K\u00e4mpfers."},"content":{"rendered":"<p>M\u00fcnchen &#8211; Kempten, K\u00f6sel, 1932\/1933.<\/p>\n<p>25 : 16,5 cm. Seiten 49 &#8211; 57. Original Broschur<\/p>\n<p>20,00 EUR<\/p>\n","protected":false},"excerpt":{"rendered":"<p>Von T Heuss \u00b7 1954 \u2014 K\u00e4mpfer f\u00fcr die Freiheit, der wie es Th. Heuss so treffend formulierte die Menschen eines lehren wollte: \u201eda\u00df es sich nicht lohnt, Angst zu haben\u201c! &#8211; Auf dem Unschlag Widmung des Verfassers.  &#8211; Sonderdruck aus &#8218;Hochland&#8216; Siebentes Heft, Drei\u00dfigster Jahrgang.<\/p>\n","protected":false},"featured_media":24766,"template":"","meta":[],"product_brand":[],"product_cat":[74,59,196,326,914],"product_tag":[],"class_list":{"0":"post-24764","1":"product","2":"type-product","3":"status-publish","4":"has-post-thumbnail","6":"product_cat-deutschland","7":"product_cat-kulturgeschichte","8":"product_cat-psychologie","9":"product_cat-soziologie","10":"product_cat-zvab","12":"first","13":"instock","14":"purchasable","15":"product-type-simple"},"_links":{"self":[{"href":"https:\/\/antiquariat-steinbach.com\/rarebooks\/wp-json\/wp\/v2\/product\/24764","targetHints":{"allow":["GET"]}}],"collection":[{"href":"https:\/\/antiquariat-steinbach.com\/rarebooks\/wp-json\/wp\/v2\/product"}],"about":[{"href":"https:\/\/antiquariat-steinbach.com\/rarebooks\/wp-json\/wp\/v2\/types\/product"}],"version-history":[{"count":1,"href":"https:\/\/antiquariat-steinbach.com\/rarebooks\/wp-json\/wp\/v2\/product\/24764\/revisions"}],"predecessor-version":[{"id":24765,"href":"https:\/\/antiquariat-steinbach.com\/rarebooks\/wp-json\/wp\/v2\/product\/24764\/revisions\/24765"}],"wp:featuredmedia":[{"embeddable":true,"href":"https:\/\/antiquariat-steinbach.com\/rarebooks\/wp-json\/wp\/v2\/media\/24766"}],"wp:attachment":[{"href":"https:\/\/antiquariat-steinbach.com\/rarebooks\/wp-json\/wp\/v2\/media?parent=24764"}],"wp:term":[{"taxonomy":"product_brand","embeddable":true,"href":"https:\/\/antiquariat-steinbach.com\/rarebooks\/wp-json\/wp\/v2\/product_brand?post=24764"},{"taxonomy":"product_cat","embeddable":true,"href":"https:\/\/antiquariat-steinbach.com\/rarebooks\/wp-json\/wp\/v2\/product_cat?post=24764"},{"taxonomy":"product_tag","embeddable":true,"href":"https:\/\/antiquariat-steinbach.com\/rarebooks\/wp-json\/wp\/v2\/product_tag?post=24764"}],"curies":[{"name":"wp","href":"https:\/\/api.w.org\/{rel}","templated":true}]}}