{"id":24754,"date":"2026-03-12T00:18:35","date_gmt":"2026-03-11T23:18:35","guid":{"rendered":"https:\/\/antiquariat-steinbach.com\/rarebooks\/produkt\/patzen-c-die-gute-koechin-600-koch-rezepte-in-2-baenden\/"},"modified":"2026-03-12T00:18:36","modified_gmt":"2026-03-11T23:18:36","slug":"patzen-c-die-gute-koechin-600-koch-rezepte-in-2-baenden","status":"publish","type":"product","link":"https:\/\/antiquariat-steinbach.com\/rarebooks\/produkt\/patzen-c-die-gute-koechin-600-koch-rezepte-in-2-baenden\/","title":{"rendered":"Patzen, C. &#8211;  Die Gute K\u00f6chin. 600 Koch-Rezepte in 2 B\u00e4nden."},"content":{"rendered":"<p>Chur, beim Verfasser, 1909.<\/p>\n<p>2. Afulage. Band 1 (von 2). 18,5 : 12 cm. 127 Seiten. Original  Leinenband.<\/p>\n<p>25,00 EUR<\/p>\n","protected":false},"excerpt":{"rendered":"<p>Der erste Band 302 Rezepte f\u00fcr Supen und Saucen, Fleischnund Gefl\u00fcgel und Gem\u00fcse. &#8211; Weiss 2943.<\/p>\n","protected":false},"featured_media":24756,"template":"","meta":[],"product_brand":[],"product_cat":[58,112,76,914],"product_tag":[],"class_list":{"0":"post-24754","1":"product","2":"type-product","3":"status-publish","4":"has-post-thumbnail","6":"product_cat-gastronomie","7":"product_cat-kochbuecher","8":"product_cat-schweiz","9":"product_cat-zvab","11":"first","12":"instock","13":"purchasable","14":"product-type-simple"},"_links":{"self":[{"href":"https:\/\/antiquariat-steinbach.com\/rarebooks\/wp-json\/wp\/v2\/product\/24754","targetHints":{"allow":["GET"]}}],"collection":[{"href":"https:\/\/antiquariat-steinbach.com\/rarebooks\/wp-json\/wp\/v2\/product"}],"about":[{"href":"https:\/\/antiquariat-steinbach.com\/rarebooks\/wp-json\/wp\/v2\/types\/product"}],"version-history":[{"count":1,"href":"https:\/\/antiquariat-steinbach.com\/rarebooks\/wp-json\/wp\/v2\/product\/24754\/revisions"}],"predecessor-version":[{"id":24755,"href":"https:\/\/antiquariat-steinbach.com\/rarebooks\/wp-json\/wp\/v2\/product\/24754\/revisions\/24755"}],"wp:featuredmedia":[{"embeddable":true,"href":"https:\/\/antiquariat-steinbach.com\/rarebooks\/wp-json\/wp\/v2\/media\/24756"}],"wp:attachment":[{"href":"https:\/\/antiquariat-steinbach.com\/rarebooks\/wp-json\/wp\/v2\/media?parent=24754"}],"wp:term":[{"taxonomy":"product_brand","embeddable":true,"href":"https:\/\/antiquariat-steinbach.com\/rarebooks\/wp-json\/wp\/v2\/product_brand?post=24754"},{"taxonomy":"product_cat","embeddable":true,"href":"https:\/\/antiquariat-steinbach.com\/rarebooks\/wp-json\/wp\/v2\/product_cat?post=24754"},{"taxonomy":"product_tag","embeddable":true,"href":"https:\/\/antiquariat-steinbach.com\/rarebooks\/wp-json\/wp\/v2\/product_tag?post=24754"}],"curies":[{"name":"wp","href":"https:\/\/api.w.org\/{rel}","templated":true}]}}