{"id":24744,"date":"2026-03-12T00:18:32","date_gmt":"2026-03-11T23:18:32","guid":{"rendered":"https:\/\/antiquariat-steinbach.com\/rarebooks\/produkt\/osten-gerd-von-der-kunsthistoriker-und-museumsdirektor-1910-1983-eigenhaendige-mitteilung\/"},"modified":"2026-03-12T00:18:32","modified_gmt":"2026-03-11T23:18:32","slug":"osten-gerd-von-der-kunsthistoriker-und-museumsdirektor-1910-1983-eigenhaendige-mitteilung","status":"publish","type":"product","link":"https:\/\/antiquariat-steinbach.com\/rarebooks\/produkt\/osten-gerd-von-der-kunsthistoriker-und-museumsdirektor-1910-1983-eigenhaendige-mitteilung\/","title":{"rendered":"Osten, Gerd von der (Kunsthistoriker und Museumsdirektor 1910-1983) &#8211;  Eigenh\u00e4ndige Mitteilung."},"content":{"rendered":"<p>K\u00f6ln, 14.VIII, 1968.<\/p>\n<p>14,5 : 21 cm. 1 Seite auf Briefpapier mit gedrucktem Briefkopf<\/p>\n<p>30,00 EUR<\/p>\n","protected":false},"excerpt":{"rendered":"<p>M\u00f6chte keineswegs den (Keller) Albtraum der Bibliothek vergr\u00f6\u00dfeern, sondern macht sich nur mit S. 141-148 die M\u00f6glichkeit zunutze, mit Fleurop\u00f6 zu wetteifern und f\u00fcr den wundersch\u00f6nen Abend zu danken.<\/p>\n","protected":false},"featured_media":24746,"template":"","meta":[],"product_brand":[],"product_cat":[186,74,69,914],"product_tag":[],"class_list":{"0":"post-24744","1":"product","2":"type-product","3":"status-publish","4":"has-post-thumbnail","6":"product_cat-autographen","7":"product_cat-deutschland","8":"product_cat-kunstgeschichte","9":"product_cat-zvab","11":"first","12":"instock","13":"purchasable","14":"product-type-simple"},"_links":{"self":[{"href":"https:\/\/antiquariat-steinbach.com\/rarebooks\/wp-json\/wp\/v2\/product\/24744","targetHints":{"allow":["GET"]}}],"collection":[{"href":"https:\/\/antiquariat-steinbach.com\/rarebooks\/wp-json\/wp\/v2\/product"}],"about":[{"href":"https:\/\/antiquariat-steinbach.com\/rarebooks\/wp-json\/wp\/v2\/types\/product"}],"version-history":[{"count":1,"href":"https:\/\/antiquariat-steinbach.com\/rarebooks\/wp-json\/wp\/v2\/product\/24744\/revisions"}],"predecessor-version":[{"id":24745,"href":"https:\/\/antiquariat-steinbach.com\/rarebooks\/wp-json\/wp\/v2\/product\/24744\/revisions\/24745"}],"wp:featuredmedia":[{"embeddable":true,"href":"https:\/\/antiquariat-steinbach.com\/rarebooks\/wp-json\/wp\/v2\/media\/24746"}],"wp:attachment":[{"href":"https:\/\/antiquariat-steinbach.com\/rarebooks\/wp-json\/wp\/v2\/media?parent=24744"}],"wp:term":[{"taxonomy":"product_brand","embeddable":true,"href":"https:\/\/antiquariat-steinbach.com\/rarebooks\/wp-json\/wp\/v2\/product_brand?post=24744"},{"taxonomy":"product_cat","embeddable":true,"href":"https:\/\/antiquariat-steinbach.com\/rarebooks\/wp-json\/wp\/v2\/product_cat?post=24744"},{"taxonomy":"product_tag","embeddable":true,"href":"https:\/\/antiquariat-steinbach.com\/rarebooks\/wp-json\/wp\/v2\/product_tag?post=24744"}],"curies":[{"name":"wp","href":"https:\/\/api.w.org\/{rel}","templated":true}]}}