{"id":24717,"date":"2026-03-12T00:16:58","date_gmt":"2026-03-11T23:16:58","guid":{"rendered":"https:\/\/antiquariat-steinbach.com\/rarebooks\/produkt\/muenchen-deutsche-museum-die-feier-der-jahres-versammlung-und-das-damit-verbundene-rcihtfest-sind-durch-die-opferwillige-mitarbeit-weitester-kreuse-ausserordentlich-eindruckvoll-verlaufen-auch\/"},"modified":"2026-03-12T00:16:59","modified_gmt":"2026-03-11T23:16:59","slug":"muenchen-deutsche-museum-die-feier-der-jahres-versammlung-und-das-damit-verbundene-rcihtfest-sind-durch-die-opferwillige-mitarbeit-weitester-kreuse-ausserordentlich-eindruckvoll-verlaufen-auch","status":"publish","type":"product","link":"https:\/\/antiquariat-steinbach.com\/rarebooks\/produkt\/muenchen-deutsche-museum-die-feier-der-jahres-versammlung-und-das-damit-verbundene-rcihtfest-sind-durch-die-opferwillige-mitarbeit-weitester-kreuse-ausserordentlich-eindruckvoll-verlaufen-auch\/","title":{"rendered":"M\u00fcnchen &#8211; Deutsche Museum &#8211;   Die Feier der Jahres-Versammlung und das damit verbundene Rcihtfest sind durch die opferwillige Mitarbeit weitester Kreuse ausserordentlich eindruckvoll verlaufen. Auch Sie haben zum gl\u00fccklichen Gelingen dieser Veranstaltungen beigetragen und wir sprechen Ihnen hierf\u00fcr unseren verbindliche DANK aus. Deutsches Museum"},"content":{"rendered":"<p>M\u00fcnchen, Deutsches Museum, 1930.<\/p>\n<p>27,5 : 21 cm. 1 Seite mit Unterschriften der Vorsitzenden des Vorstande und des Vorstandes.<\/p>\n<p>50,00 EUR<\/p>\n","protected":false},"excerpt":{"rendered":"<p>Mit je drei Unterschriften. &#8211; War gefaltet.<\/p>\n","protected":false},"featured_media":24719,"template":"","meta":[],"product_brand":[],"product_cat":[116,749,77,914],"product_tag":[],"class_list":{"0":"post-24717","1":"product","2":"type-product","3":"status-publish","4":"has-post-thumbnail","6":"product_cat-bavarica","7":"product_cat-muenchen-au","8":"product_cat-technik","9":"product_cat-zvab","11":"first","12":"instock","13":"purchasable","14":"product-type-simple"},"_links":{"self":[{"href":"https:\/\/antiquariat-steinbach.com\/rarebooks\/wp-json\/wp\/v2\/product\/24717","targetHints":{"allow":["GET"]}}],"collection":[{"href":"https:\/\/antiquariat-steinbach.com\/rarebooks\/wp-json\/wp\/v2\/product"}],"about":[{"href":"https:\/\/antiquariat-steinbach.com\/rarebooks\/wp-json\/wp\/v2\/types\/product"}],"version-history":[{"count":1,"href":"https:\/\/antiquariat-steinbach.com\/rarebooks\/wp-json\/wp\/v2\/product\/24717\/revisions"}],"predecessor-version":[{"id":24718,"href":"https:\/\/antiquariat-steinbach.com\/rarebooks\/wp-json\/wp\/v2\/product\/24717\/revisions\/24718"}],"wp:featuredmedia":[{"embeddable":true,"href":"https:\/\/antiquariat-steinbach.com\/rarebooks\/wp-json\/wp\/v2\/media\/24719"}],"wp:attachment":[{"href":"https:\/\/antiquariat-steinbach.com\/rarebooks\/wp-json\/wp\/v2\/media?parent=24717"}],"wp:term":[{"taxonomy":"product_brand","embeddable":true,"href":"https:\/\/antiquariat-steinbach.com\/rarebooks\/wp-json\/wp\/v2\/product_brand?post=24717"},{"taxonomy":"product_cat","embeddable":true,"href":"https:\/\/antiquariat-steinbach.com\/rarebooks\/wp-json\/wp\/v2\/product_cat?post=24717"},{"taxonomy":"product_tag","embeddable":true,"href":"https:\/\/antiquariat-steinbach.com\/rarebooks\/wp-json\/wp\/v2\/product_tag?post=24717"}],"curies":[{"name":"wp","href":"https:\/\/api.w.org\/{rel}","templated":true}]}}