{"id":24714,"date":"2026-03-12T00:16:56","date_gmt":"2026-03-11T23:16:56","guid":{"rendered":"https:\/\/antiquariat-steinbach.com\/rarebooks\/produkt\/muenchen-bilek-franziska-mir-gefaellts-in-muenchen\/"},"modified":"2026-03-12T00:16:57","modified_gmt":"2026-03-11T23:16:57","slug":"muenchen-bilek-franziska-mir-gefaellts-in-muenchen","status":"publish","type":"product","link":"https:\/\/antiquariat-steinbach.com\/rarebooks\/produkt\/muenchen-bilek-franziska-mir-gefaellts-in-muenchen\/","title":{"rendered":"M\u00fcnchen &#8211;   Bilek, Franziska. &#8211;  Mir gef\u00e4llts in M\u00fcnchen."},"content":{"rendered":"<p>M\u00fcnchen, Piper, 1958.<\/p>\n<p>27 : 20,5 cm. Mit vielen farbigen Illustrationen. Illustrierter Original Leinenband.<\/p>\n<p>25,00 EUR<\/p>\n","protected":false},"excerpt":{"rendered":"<p>Erste Auflage. &#8211; Einband oben gering fleckig.<\/p>\n","protected":false},"featured_media":24716,"template":"","meta":[],"product_brand":[],"product_cat":[73,289,74,59,914],"product_tag":[],"class_list":{"0":"post-24714","1":"product","2":"type-product","3":"status-publish","4":"has-post-thumbnail","6":"product_cat-bayern","7":"product_cat-bilderbuecher","8":"product_cat-deutschland","9":"product_cat-kulturgeschichte","10":"product_cat-zvab","12":"first","13":"instock","14":"purchasable","15":"product-type-simple"},"_links":{"self":[{"href":"https:\/\/antiquariat-steinbach.com\/rarebooks\/wp-json\/wp\/v2\/product\/24714","targetHints":{"allow":["GET"]}}],"collection":[{"href":"https:\/\/antiquariat-steinbach.com\/rarebooks\/wp-json\/wp\/v2\/product"}],"about":[{"href":"https:\/\/antiquariat-steinbach.com\/rarebooks\/wp-json\/wp\/v2\/types\/product"}],"version-history":[{"count":1,"href":"https:\/\/antiquariat-steinbach.com\/rarebooks\/wp-json\/wp\/v2\/product\/24714\/revisions"}],"predecessor-version":[{"id":24715,"href":"https:\/\/antiquariat-steinbach.com\/rarebooks\/wp-json\/wp\/v2\/product\/24714\/revisions\/24715"}],"wp:featuredmedia":[{"embeddable":true,"href":"https:\/\/antiquariat-steinbach.com\/rarebooks\/wp-json\/wp\/v2\/media\/24716"}],"wp:attachment":[{"href":"https:\/\/antiquariat-steinbach.com\/rarebooks\/wp-json\/wp\/v2\/media?parent=24714"}],"wp:term":[{"taxonomy":"product_brand","embeddable":true,"href":"https:\/\/antiquariat-steinbach.com\/rarebooks\/wp-json\/wp\/v2\/product_brand?post=24714"},{"taxonomy":"product_cat","embeddable":true,"href":"https:\/\/antiquariat-steinbach.com\/rarebooks\/wp-json\/wp\/v2\/product_cat?post=24714"},{"taxonomy":"product_tag","embeddable":true,"href":"https:\/\/antiquariat-steinbach.com\/rarebooks\/wp-json\/wp\/v2\/product_tag?post=24714"}],"curies":[{"name":"wp","href":"https:\/\/api.w.org\/{rel}","templated":true}]}}