{"id":24702,"date":"2026-03-12T00:16:47","date_gmt":"2026-03-11T23:16:47","guid":{"rendered":"https:\/\/antiquariat-steinbach.com\/rarebooks\/produkt\/mombert-francois-contribution-a-une-etude-theorique-des-incidences-de-limpot-sur-les-societes\/"},"modified":"2026-03-12T00:16:48","modified_gmt":"2026-03-11T23:16:48","slug":"mombert-francois-contribution-a-une-etude-theorique-des-incidences-de-limpot-sur-les-societes","status":"publish","type":"product","link":"https:\/\/antiquariat-steinbach.com\/rarebooks\/produkt\/mombert-francois-contribution-a-une-etude-theorique-des-incidences-de-limpot-sur-les-societes\/","title":{"rendered":"Mombert, Francois. &#8211;  Contribution a une \u00e9tude th\u00e9orique des incidences de l&#8217;impot sur les soci\u00e9t\u00e9s."},"content":{"rendered":"<p>Paris, Librairie g\u00e9n\u00e9rale de droit et de jurisprudence, 1961<\/p>\n<p>25 : 16 cm. Pages 437 &#8211; 460. Original wrappers<\/p>\n<p>25,00 EUR<\/p>\n","protected":false},"excerpt":{"rendered":"<p>With dedication by the author on the front wrapper. &#8211; Revue de science financi\u00e8re, extrait.<\/p>\n","protected":false},"featured_media":24704,"template":"","meta":[],"product_brand":[],"product_cat":[326,91,977,914],"product_tag":[],"class_list":{"0":"post-24702","1":"product","2":"type-product","3":"status-publish","4":"has-post-thumbnail","6":"product_cat-soziologie","7":"product_cat-wirtschaft","8":"product_cat-wirtschaftsgesc","9":"product_cat-zvab","11":"first","12":"instock","13":"purchasable","14":"product-type-simple"},"_links":{"self":[{"href":"https:\/\/antiquariat-steinbach.com\/rarebooks\/wp-json\/wp\/v2\/product\/24702","targetHints":{"allow":["GET"]}}],"collection":[{"href":"https:\/\/antiquariat-steinbach.com\/rarebooks\/wp-json\/wp\/v2\/product"}],"about":[{"href":"https:\/\/antiquariat-steinbach.com\/rarebooks\/wp-json\/wp\/v2\/types\/product"}],"version-history":[{"count":1,"href":"https:\/\/antiquariat-steinbach.com\/rarebooks\/wp-json\/wp\/v2\/product\/24702\/revisions"}],"predecessor-version":[{"id":24703,"href":"https:\/\/antiquariat-steinbach.com\/rarebooks\/wp-json\/wp\/v2\/product\/24702\/revisions\/24703"}],"wp:featuredmedia":[{"embeddable":true,"href":"https:\/\/antiquariat-steinbach.com\/rarebooks\/wp-json\/wp\/v2\/media\/24704"}],"wp:attachment":[{"href":"https:\/\/antiquariat-steinbach.com\/rarebooks\/wp-json\/wp\/v2\/media?parent=24702"}],"wp:term":[{"taxonomy":"product_brand","embeddable":true,"href":"https:\/\/antiquariat-steinbach.com\/rarebooks\/wp-json\/wp\/v2\/product_brand?post=24702"},{"taxonomy":"product_cat","embeddable":true,"href":"https:\/\/antiquariat-steinbach.com\/rarebooks\/wp-json\/wp\/v2\/product_cat?post=24702"},{"taxonomy":"product_tag","embeddable":true,"href":"https:\/\/antiquariat-steinbach.com\/rarebooks\/wp-json\/wp\/v2\/product_tag?post=24702"}],"curies":[{"name":"wp","href":"https:\/\/api.w.org\/{rel}","templated":true}]}}