{"id":24673,"date":"2026-03-12T00:16:34","date_gmt":"2026-03-11T23:16:34","guid":{"rendered":"https:\/\/antiquariat-steinbach.com\/rarebooks\/produkt\/merian-mathaeus-topographia-franconiae-das-ist-beschreibung-und-eygentliche-contrafactur-der-vornembsten-staette-und-plaetze-des-franckenlandes\/"},"modified":"2026-03-12T00:16:35","modified_gmt":"2026-03-11T23:16:35","slug":"merian-mathaeus-topographia-franconiae-das-ist-beschreibung-und-eygentliche-contrafactur-der-vornembsten-staette-und-plaetze-des-franckenlandes","status":"publish","type":"product","link":"https:\/\/antiquariat-steinbach.com\/rarebooks\/produkt\/merian-mathaeus-topographia-franconiae-das-ist-beschreibung-und-eygentliche-contrafactur-der-vornembsten-staette-und-plaetze-des-franckenlandes\/","title":{"rendered":"Merian, Mathaeus. &#8211;  Topographia Franconiae, das ist Beschreibung Und Eygentliche Contrafactur der Vornembsten St\u00e4tte, Und Pl\u00e4tze des Franckenlandes&#8230;"},"content":{"rendered":"<p>Kassel,  B\u00e4renreiter, 1962.<\/p>\n<p>31 : 22 cm. 3 Blatt, 118 Seiten teils gefaltete Karten, Pl\u00e4nde und &#8218;Ansichten, 5 Blatt Register. Original Halbleinenband.<\/p>\n<p>40,00 EUR<\/p>\n","protected":false},"excerpt":{"rendered":"<p>Faksimile, wohl der Ausgabe von 1656.<\/p>\n","protected":false},"featured_media":0,"template":"","meta":[],"product_brand":[],"product_cat":[83,432,74,224,914],"product_tag":[],"class_list":{"0":"post-24673","1":"product","2":"type-product","3":"status-publish","5":"product_cat-ansichten","6":"product_cat-ansichten-bayern","7":"product_cat-deutschland","8":"product_cat-karten","9":"product_cat-zvab","11":"first","12":"instock","13":"purchasable","14":"product-type-simple"},"_links":{"self":[{"href":"https:\/\/antiquariat-steinbach.com\/rarebooks\/wp-json\/wp\/v2\/product\/24673","targetHints":{"allow":["GET"]}}],"collection":[{"href":"https:\/\/antiquariat-steinbach.com\/rarebooks\/wp-json\/wp\/v2\/product"}],"about":[{"href":"https:\/\/antiquariat-steinbach.com\/rarebooks\/wp-json\/wp\/v2\/types\/product"}],"version-history":[{"count":1,"href":"https:\/\/antiquariat-steinbach.com\/rarebooks\/wp-json\/wp\/v2\/product\/24673\/revisions"}],"predecessor-version":[{"id":24674,"href":"https:\/\/antiquariat-steinbach.com\/rarebooks\/wp-json\/wp\/v2\/product\/24673\/revisions\/24674"}],"wp:attachment":[{"href":"https:\/\/antiquariat-steinbach.com\/rarebooks\/wp-json\/wp\/v2\/media?parent=24673"}],"wp:term":[{"taxonomy":"product_brand","embeddable":true,"href":"https:\/\/antiquariat-steinbach.com\/rarebooks\/wp-json\/wp\/v2\/product_brand?post=24673"},{"taxonomy":"product_cat","embeddable":true,"href":"https:\/\/antiquariat-steinbach.com\/rarebooks\/wp-json\/wp\/v2\/product_cat?post=24673"},{"taxonomy":"product_tag","embeddable":true,"href":"https:\/\/antiquariat-steinbach.com\/rarebooks\/wp-json\/wp\/v2\/product_tag?post=24673"}],"curies":[{"name":"wp","href":"https:\/\/api.w.org\/{rel}","templated":true}]}}