{"id":24659,"date":"2026-03-12T00:16:30","date_gmt":"2026-03-11T23:16:30","guid":{"rendered":"https:\/\/antiquariat-steinbach.com\/rarebooks\/produkt\/mein-erstes-schulbuechlein-1-teil\/"},"modified":"2026-03-12T00:16:31","modified_gmt":"2026-03-11T23:16:31","slug":"mein-erstes-schulbuechlein-1-teil","status":"publish","type":"product","link":"https:\/\/antiquariat-steinbach.com\/rarebooks\/produkt\/mein-erstes-schulbuechlein-1-teil\/","title":{"rendered":"Mein erstes Schulb\u00fcchlein. 1. Teil."},"content":{"rendered":"<p>St. Gallen, Zolliker, ca. 1910,<\/p>\n<p>21 : 14,5 cm. 48 Seiten mit vielen, teils farbigen Ilustrationen von Gottlieb Merki. Farbig illustrierter Original Karton.<\/p>\n<p>20,00 EUR<\/p>\n","protected":false},"excerpt":{"rendered":"<p>Auf dem vorderen Innendeckel mit Eintrag: Dieses B\u00fcchlein geh\u00f6rt Herrn Dr. Hilsdorf(?) Augenspezialist, Chefarzt, sowie weitere &#8218;Eintr\u00e4ge.<\/p>\n","protected":false},"featured_media":24661,"template":"","meta":[],"product_brand":[],"product_cat":[60,76,914],"product_tag":[],"class_list":{"0":"post-24659","1":"product","2":"type-product","3":"status-publish","4":"has-post-thumbnail","6":"product_cat-kinderbuecher","7":"product_cat-schweiz","8":"product_cat-zvab","10":"first","11":"instock","12":"purchasable","13":"product-type-simple"},"_links":{"self":[{"href":"https:\/\/antiquariat-steinbach.com\/rarebooks\/wp-json\/wp\/v2\/product\/24659","targetHints":{"allow":["GET"]}}],"collection":[{"href":"https:\/\/antiquariat-steinbach.com\/rarebooks\/wp-json\/wp\/v2\/product"}],"about":[{"href":"https:\/\/antiquariat-steinbach.com\/rarebooks\/wp-json\/wp\/v2\/types\/product"}],"version-history":[{"count":1,"href":"https:\/\/antiquariat-steinbach.com\/rarebooks\/wp-json\/wp\/v2\/product\/24659\/revisions"}],"predecessor-version":[{"id":24660,"href":"https:\/\/antiquariat-steinbach.com\/rarebooks\/wp-json\/wp\/v2\/product\/24659\/revisions\/24660"}],"wp:featuredmedia":[{"embeddable":true,"href":"https:\/\/antiquariat-steinbach.com\/rarebooks\/wp-json\/wp\/v2\/media\/24661"}],"wp:attachment":[{"href":"https:\/\/antiquariat-steinbach.com\/rarebooks\/wp-json\/wp\/v2\/media?parent=24659"}],"wp:term":[{"taxonomy":"product_brand","embeddable":true,"href":"https:\/\/antiquariat-steinbach.com\/rarebooks\/wp-json\/wp\/v2\/product_brand?post=24659"},{"taxonomy":"product_cat","embeddable":true,"href":"https:\/\/antiquariat-steinbach.com\/rarebooks\/wp-json\/wp\/v2\/product_cat?post=24659"},{"taxonomy":"product_tag","embeddable":true,"href":"https:\/\/antiquariat-steinbach.com\/rarebooks\/wp-json\/wp\/v2\/product_tag?post=24659"}],"curies":[{"name":"wp","href":"https:\/\/api.w.org\/{rel}","templated":true}]}}