{"id":2465,"date":"2026-03-12T00:06:16","date_gmt":"2026-03-11T23:06:16","guid":{"rendered":"http:\/\/antiquariat-steinbach.com\/rarebooks\/produkt\/theopoliticus-sive-brevis-elucidatio-et-rationale-divinorum-operum\/"},"modified":"2026-03-12T00:06:16","modified_gmt":"2026-03-11T23:06:16","slug":"eusebius-johannes-theopoliticus-sive-brevis-elucidatio-et-rationale-divinorum-operum","status":"publish","type":"product","link":"https:\/\/antiquariat-steinbach.com\/rarebooks\/produkt\/eusebius-johannes-theopoliticus-sive-brevis-elucidatio-et-rationale-divinorum-operum\/","title":{"rendered":"Eusebius, Johannes. &#8211;  Theopoliticus, sive brevis elucidatio, et rationale divinorum operum."},"content":{"rendered":"<p>Wien,  Kaliwodian, 1767.<\/p>\n<p>16,5 : 11 cm. 4 Blatt, 297 Seiten, 2 Blatt. Lederband der Zeit mit R\u00fcckenblindpr\u00e4gung und R\u00fcckenschild.<\/p>\n<p>150,00 EUR<\/p>\n","protected":false},"excerpt":{"rendered":"<p>Johannes Eusebius Nieremberg (1585-1658) war spnisch-deutscher Theologe, Professor der Naturgeschichte in Madrid, bedeutender aszetischer Schriftsteller. &#8211; Der sch\u00f6ne, zeitgen\u00f6ssische Einband nur etwas fleckig, unteres Kapital gering besch\u00e4dgt. &#8211; De Backer\/Sommervogel II, 1547, 28.<\/p>\n","protected":false},"featured_media":14464,"template":"","meta":[],"product_brand":[],"product_cat":[187,148,110,914],"product_tag":[],"class_list":{"0":"post-2465","1":"product","2":"type-product","3":"status-publish","4":"has-post-thumbnail","6":"product_cat-philosophie","7":"product_cat-spanien","8":"product_cat-theologie","9":"product_cat-zvab","11":"first","12":"instock","13":"purchasable","14":"product-type-simple"},"_links":{"self":[{"href":"https:\/\/antiquariat-steinbach.com\/rarebooks\/wp-json\/wp\/v2\/product\/2465","targetHints":{"allow":["GET"]}}],"collection":[{"href":"https:\/\/antiquariat-steinbach.com\/rarebooks\/wp-json\/wp\/v2\/product"}],"about":[{"href":"https:\/\/antiquariat-steinbach.com\/rarebooks\/wp-json\/wp\/v2\/types\/product"}],"version-history":[{"count":3,"href":"https:\/\/antiquariat-steinbach.com\/rarebooks\/wp-json\/wp\/v2\/product\/2465\/revisions"}],"predecessor-version":[{"id":19264,"href":"https:\/\/antiquariat-steinbach.com\/rarebooks\/wp-json\/wp\/v2\/product\/2465\/revisions\/19264"}],"wp:featuredmedia":[{"embeddable":true,"href":"https:\/\/antiquariat-steinbach.com\/rarebooks\/wp-json\/wp\/v2\/media\/14464"}],"wp:attachment":[{"href":"https:\/\/antiquariat-steinbach.com\/rarebooks\/wp-json\/wp\/v2\/media?parent=2465"}],"wp:term":[{"taxonomy":"product_brand","embeddable":true,"href":"https:\/\/antiquariat-steinbach.com\/rarebooks\/wp-json\/wp\/v2\/product_brand?post=2465"},{"taxonomy":"product_cat","embeddable":true,"href":"https:\/\/antiquariat-steinbach.com\/rarebooks\/wp-json\/wp\/v2\/product_cat?post=2465"},{"taxonomy":"product_tag","embeddable":true,"href":"https:\/\/antiquariat-steinbach.com\/rarebooks\/wp-json\/wp\/v2\/product_tag?post=2465"}],"curies":[{"name":"wp","href":"https:\/\/api.w.org\/{rel}","templated":true}]}}