{"id":24647,"date":"2026-03-12T00:16:17","date_gmt":"2026-03-11T23:16:17","guid":{"rendered":"https:\/\/antiquariat-steinbach.com\/rarebooks\/produkt\/masaryk-capek-karel-masaryk-erzaehlt-sein-leben\/"},"modified":"2026-03-12T00:16:18","modified_gmt":"2026-03-11T23:16:18","slug":"masaryk-capek-karel-masaryk-erzaehlt-sein-leben","status":"publish","type":"product","link":"https:\/\/antiquariat-steinbach.com\/rarebooks\/produkt\/masaryk-capek-karel-masaryk-erzaehlt-sein-leben\/","title":{"rendered":"Masaryk &#8211;   Capek, Karel. &#8211;  Masaryk erz\u00e4hlt sein Leben."},"content":{"rendered":"<p>Z\u00fcrich, B\u00fcchergilde Gutenberg, 1938.<\/p>\n<p>22 : 14,5 cm. 390 Seiten, 1 Portrait. Original Leinen mit illustriertem Original Schutzumschlag.<\/p>\n<p>20,00 EUR<\/p>\n","protected":false},"excerpt":{"rendered":"<p>Z\u00fcrich, B\u00fcchergilde Gutenberg, 1938. 22 : 14,5 cm. 390 Seiten, 1 Portrait. Original Leinen mit illustriertem Original Schutzumschlag. 20,00 EUR<\/p>\n","protected":false},"featured_media":24649,"template":"","meta":[],"product_brand":[],"product_cat":[59,190,936,914],"product_tag":[],"class_list":{"0":"post-24647","1":"product","2":"type-product","3":"status-publish","4":"has-post-thumbnail","6":"product_cat-kulturgeschichte","7":"product_cat-politik","8":"product_cat-tschechien","9":"product_cat-zvab","11":"first","12":"instock","13":"purchasable","14":"product-type-simple"},"_links":{"self":[{"href":"https:\/\/antiquariat-steinbach.com\/rarebooks\/wp-json\/wp\/v2\/product\/24647","targetHints":{"allow":["GET"]}}],"collection":[{"href":"https:\/\/antiquariat-steinbach.com\/rarebooks\/wp-json\/wp\/v2\/product"}],"about":[{"href":"https:\/\/antiquariat-steinbach.com\/rarebooks\/wp-json\/wp\/v2\/types\/product"}],"version-history":[{"count":1,"href":"https:\/\/antiquariat-steinbach.com\/rarebooks\/wp-json\/wp\/v2\/product\/24647\/revisions"}],"predecessor-version":[{"id":24648,"href":"https:\/\/antiquariat-steinbach.com\/rarebooks\/wp-json\/wp\/v2\/product\/24647\/revisions\/24648"}],"wp:featuredmedia":[{"embeddable":true,"href":"https:\/\/antiquariat-steinbach.com\/rarebooks\/wp-json\/wp\/v2\/media\/24649"}],"wp:attachment":[{"href":"https:\/\/antiquariat-steinbach.com\/rarebooks\/wp-json\/wp\/v2\/media?parent=24647"}],"wp:term":[{"taxonomy":"product_brand","embeddable":true,"href":"https:\/\/antiquariat-steinbach.com\/rarebooks\/wp-json\/wp\/v2\/product_brand?post=24647"},{"taxonomy":"product_cat","embeddable":true,"href":"https:\/\/antiquariat-steinbach.com\/rarebooks\/wp-json\/wp\/v2\/product_cat?post=24647"},{"taxonomy":"product_tag","embeddable":true,"href":"https:\/\/antiquariat-steinbach.com\/rarebooks\/wp-json\/wp\/v2\/product_tag?post=24647"}],"curies":[{"name":"wp","href":"https:\/\/api.w.org\/{rel}","templated":true}]}}