{"id":24629,"date":"2026-03-12T00:16:06","date_gmt":"2026-03-11T23:16:06","guid":{"rendered":"https:\/\/antiquariat-steinbach.com\/rarebooks\/produkt\/mahlberg-paul-beitraege-zur-kunst-des-xix-jahrhunderts-und-unserer-zeit\/"},"modified":"2026-03-12T00:16:08","modified_gmt":"2026-03-11T23:16:08","slug":"mahlberg-paul-beitraege-zur-kunst-des-xix-jahrhunderts-und-unserer-zeit","status":"publish","type":"product","link":"https:\/\/antiquariat-steinbach.com\/rarebooks\/produkt\/mahlberg-paul-beitraege-zur-kunst-des-xix-jahrhunderts-und-unserer-zeit\/","title":{"rendered":"Mahlberg, Paul. &#8211;  Beitr\u00e4ge zur Kunst des XIX. Jahrhunderts und unserer Zeit."},"content":{"rendered":"<p>D\u00fcsseldorf, Ohle, 1913.<\/p>\n<p>22,5 : 15,5 cm. 159 Seiten mit vielen Abbildungen,32 Blatt Anzeigen-Anhang. Illustrierter Original-Karton<\/p>\n<p>180,00 EUR<\/p>\n","protected":false},"excerpt":{"rendered":"<p>Der Er\u00f6ffnungskatalog der ber\u00fchmten Galerie Flechtheim. Mit Abbilungen von Werken aller zu der Zeit wichtigen K\u00fcnstler von Achenbach \u00fcber Barlach, Bonnard, Cezanne, Feuerbach, Goya, Heckel, Hodler, Jawlenski, Kokoschka, Liebermann, Menzel, Munch, Pechstein, Picasso, Rohlfs, Slevogt, Tr\u00fcbner u.v.m. Beitr\u00e4ge von Wedderkop &#8218;Publikum und Kunsth\u00e4ndler&#8216;, Oborn &#8218;Rheinischer Kunstfr\u00fchling&#8216;, vielen l\u00e4ngeren Beitr\u00e4gen \u00fcber einzelne K\u00fcnstler. &#8211; Die ersten 20 Seiten rechts oben mit ca. 1 cm. Papierverlust (ohne Beeintr\u00e4chtigung von Bild oder Text). &#8211; Epochaler Katalog!<\/p>\n","protected":false},"featured_media":24631,"template":"","meta":[],"product_brand":[],"product_cat":[360,29,69,317,40,914],"product_tag":[],"class_list":{"0":"post-24629","1":"product","2":"type-product","3":"status-publish","4":"has-post-thumbnail","6":"product_cat-19-jhdt","7":"product_cat-20-jahrhundert","8":"product_cat-kunstgeschichte","9":"product_cat-kuenstlergraphik","10":"product_cat-kuenstlermonographien","11":"product_cat-zvab","13":"first","14":"instock","15":"purchasable","16":"product-type-simple"},"_links":{"self":[{"href":"https:\/\/antiquariat-steinbach.com\/rarebooks\/wp-json\/wp\/v2\/product\/24629","targetHints":{"allow":["GET"]}}],"collection":[{"href":"https:\/\/antiquariat-steinbach.com\/rarebooks\/wp-json\/wp\/v2\/product"}],"about":[{"href":"https:\/\/antiquariat-steinbach.com\/rarebooks\/wp-json\/wp\/v2\/types\/product"}],"version-history":[{"count":1,"href":"https:\/\/antiquariat-steinbach.com\/rarebooks\/wp-json\/wp\/v2\/product\/24629\/revisions"}],"predecessor-version":[{"id":24630,"href":"https:\/\/antiquariat-steinbach.com\/rarebooks\/wp-json\/wp\/v2\/product\/24629\/revisions\/24630"}],"wp:featuredmedia":[{"embeddable":true,"href":"https:\/\/antiquariat-steinbach.com\/rarebooks\/wp-json\/wp\/v2\/media\/24631"}],"wp:attachment":[{"href":"https:\/\/antiquariat-steinbach.com\/rarebooks\/wp-json\/wp\/v2\/media?parent=24629"}],"wp:term":[{"taxonomy":"product_brand","embeddable":true,"href":"https:\/\/antiquariat-steinbach.com\/rarebooks\/wp-json\/wp\/v2\/product_brand?post=24629"},{"taxonomy":"product_cat","embeddable":true,"href":"https:\/\/antiquariat-steinbach.com\/rarebooks\/wp-json\/wp\/v2\/product_cat?post=24629"},{"taxonomy":"product_tag","embeddable":true,"href":"https:\/\/antiquariat-steinbach.com\/rarebooks\/wp-json\/wp\/v2\/product_tag?post=24629"}],"curies":[{"name":"wp","href":"https:\/\/api.w.org\/{rel}","templated":true}]}}