{"id":24616,"date":"2026-03-12T00:14:59","date_gmt":"2026-03-11T23:14:59","guid":{"rendered":"https:\/\/antiquariat-steinbach.com\/rarebooks\/produkt\/ludwig-ludwig-peter-festschrift-zur-verleihung-des-ehrenbuergerrechts-der-stadt-koeln\/"},"modified":"2026-03-12T00:15:01","modified_gmt":"2026-03-11T23:15:01","slug":"ludwig-ludwig-peter-festschrift-zur-verleihung-des-ehrenbuergerrechts-der-stadt-koeln","status":"publish","type":"product","link":"https:\/\/antiquariat-steinbach.com\/rarebooks\/produkt\/ludwig-ludwig-peter-festschrift-zur-verleihung-des-ehrenbuergerrechts-der-stadt-koeln\/","title":{"rendered":"Ludwig &#8211;   Ludwig, Peter. &#8211;  Festschrift zur Verleihung des Ehrenb\u00fcrgerrechts der Stadt K\u00f6ln."},"content":{"rendered":"<p>K\u00f6ln, 1975.<\/p>\n<p>28 : 19 cm. 32 Seiten mit vielen, meist farbigen Abbildungen. Original Karton<\/p>\n<p>10,00 EUR<\/p>\n","protected":false},"excerpt":{"rendered":"<p>K\u00f6ln, 1975. 28 : 19 cm. 32 Seiten mit vielen, meist farbigen Abbildungen. Original Karton 10,00 EUR<\/p>\n","protected":false},"featured_media":24618,"template":"","meta":[],"product_brand":[],"product_cat":[29,74,30,581,914],"product_tag":[],"class_list":{"0":"post-24616","1":"product","2":"type-product","3":"status-publish","4":"has-post-thumbnail","6":"product_cat-20-jahrhundert","7":"product_cat-deutschland","8":"product_cat-malerei","9":"product_cat-skulptur","10":"product_cat-zvab","12":"first","13":"instock","14":"purchasable","15":"product-type-simple"},"_links":{"self":[{"href":"https:\/\/antiquariat-steinbach.com\/rarebooks\/wp-json\/wp\/v2\/product\/24616","targetHints":{"allow":["GET"]}}],"collection":[{"href":"https:\/\/antiquariat-steinbach.com\/rarebooks\/wp-json\/wp\/v2\/product"}],"about":[{"href":"https:\/\/antiquariat-steinbach.com\/rarebooks\/wp-json\/wp\/v2\/types\/product"}],"version-history":[{"count":1,"href":"https:\/\/antiquariat-steinbach.com\/rarebooks\/wp-json\/wp\/v2\/product\/24616\/revisions"}],"predecessor-version":[{"id":24617,"href":"https:\/\/antiquariat-steinbach.com\/rarebooks\/wp-json\/wp\/v2\/product\/24616\/revisions\/24617"}],"wp:featuredmedia":[{"embeddable":true,"href":"https:\/\/antiquariat-steinbach.com\/rarebooks\/wp-json\/wp\/v2\/media\/24618"}],"wp:attachment":[{"href":"https:\/\/antiquariat-steinbach.com\/rarebooks\/wp-json\/wp\/v2\/media?parent=24616"}],"wp:term":[{"taxonomy":"product_brand","embeddable":true,"href":"https:\/\/antiquariat-steinbach.com\/rarebooks\/wp-json\/wp\/v2\/product_brand?post=24616"},{"taxonomy":"product_cat","embeddable":true,"href":"https:\/\/antiquariat-steinbach.com\/rarebooks\/wp-json\/wp\/v2\/product_cat?post=24616"},{"taxonomy":"product_tag","embeddable":true,"href":"https:\/\/antiquariat-steinbach.com\/rarebooks\/wp-json\/wp\/v2\/product_tag?post=24616"}],"curies":[{"name":"wp","href":"https:\/\/api.w.org\/{rel}","templated":true}]}}