{"id":24596,"date":"2026-03-12T00:14:52","date_gmt":"2026-03-11T23:14:52","guid":{"rendered":"https:\/\/antiquariat-steinbach.com\/rarebooks\/produkt\/livres-illustre-rimbaud-arthur-reve-pour-lhiver-getraeumt-fuer-den-winter-in-der-uebersetzung-von-rainer-schneewolf\/"},"modified":"2026-03-12T00:14:53","modified_gmt":"2026-03-11T23:14:53","slug":"livres-illustre-rimbaud-arthur-reve-pour-lhiver-getraeumt-fuer-den-winter-in-der-uebersetzung-von-rainer-schneewolf","status":"publish","type":"product","link":"https:\/\/antiquariat-steinbach.com\/rarebooks\/produkt\/livres-illustre-rimbaud-arthur-reve-pour-lhiver-getraeumt-fuer-den-winter-in-der-uebersetzung-von-rainer-schneewolf\/","title":{"rendered":"Livres illustr\u00e9 &#8211;   Rimbaud, Arthur. &#8211;  R\u00e9v\u00e9 pour l&#8217;Hiver. Getr\u00e4umt f\u00fcr den Winter. In der \u00dcbersetzung von Rainer Schneewolf."},"content":{"rendered":"<p>Freiburg, Edition Syrinx, 1970.<\/p>\n<p>31 : 31 cm. 3 leaves, 6 original signed, numbered and dated lino-ctus by Chiron. Loose as issued in original cloth portfolio.<\/p>\n<p>300,00 EUR<\/p>\n","protected":false},"excerpt":{"rendered":"<p>One of only 16 copies with the signed lino-cuts by Chiron. &#8211; Text in French and German. &#8211; Copies 17 to 20 come not in the trade. &#8211; Rare.<\/p>\n","protected":false},"featured_media":0,"template":"","meta":[],"product_brand":[],"product_cat":[805,914],"product_tag":[],"class_list":{"0":"post-24596","1":"product","2":"type-product","3":"status-publish","5":"product_cat-chiron-20-jahrhundert","6":"product_cat-zvab","8":"first","9":"instock","10":"purchasable","11":"product-type-simple"},"_links":{"self":[{"href":"https:\/\/antiquariat-steinbach.com\/rarebooks\/wp-json\/wp\/v2\/product\/24596","targetHints":{"allow":["GET"]}}],"collection":[{"href":"https:\/\/antiquariat-steinbach.com\/rarebooks\/wp-json\/wp\/v2\/product"}],"about":[{"href":"https:\/\/antiquariat-steinbach.com\/rarebooks\/wp-json\/wp\/v2\/types\/product"}],"version-history":[{"count":1,"href":"https:\/\/antiquariat-steinbach.com\/rarebooks\/wp-json\/wp\/v2\/product\/24596\/revisions"}],"predecessor-version":[{"id":24597,"href":"https:\/\/antiquariat-steinbach.com\/rarebooks\/wp-json\/wp\/v2\/product\/24596\/revisions\/24597"}],"wp:attachment":[{"href":"https:\/\/antiquariat-steinbach.com\/rarebooks\/wp-json\/wp\/v2\/media?parent=24596"}],"wp:term":[{"taxonomy":"product_brand","embeddable":true,"href":"https:\/\/antiquariat-steinbach.com\/rarebooks\/wp-json\/wp\/v2\/product_brand?post=24596"},{"taxonomy":"product_cat","embeddable":true,"href":"https:\/\/antiquariat-steinbach.com\/rarebooks\/wp-json\/wp\/v2\/product_cat?post=24596"},{"taxonomy":"product_tag","embeddable":true,"href":"https:\/\/antiquariat-steinbach.com\/rarebooks\/wp-json\/wp\/v2\/product_tag?post=24596"}],"curies":[{"name":"wp","href":"https:\/\/api.w.org\/{rel}","templated":true}]}}