{"id":24455,"date":"2026-03-12T00:12:32","date_gmt":"2026-03-11T23:12:32","guid":{"rendered":"https:\/\/antiquariat-steinbach.com\/rarebooks\/produkt\/ketz-fritz-gestalten-und-bilder\/"},"modified":"2026-03-12T00:12:33","modified_gmt":"2026-03-11T23:12:33","slug":"ketz-fritz-gestalten-und-bilder","status":"publish","type":"product","link":"https:\/\/antiquariat-steinbach.com\/rarebooks\/produkt\/ketz-fritz-gestalten-und-bilder\/","title":{"rendered":"Ketz, Fritz. &#8211;  Gestalten und Bilder"},"content":{"rendered":"<p>Reutlingen, Witsch, 1947.<\/p>\n<p>40 : 30 cm. 2 Blatt, 8 Tafeln. Original Papp-Mappe.<\/p>\n<p>50,00 EUR<\/p>\n","protected":false},"excerpt":{"rendered":"<p>Erste Ausgabe. Der 1903 in Hamborn geborene K\u00fcnstler begann mit einer Ausbildung als Milit\u00e4rzeichner, da ein Kunststudium aus finanziellen Gr\u00fcnden nicht m\u00f6glich. Als Soldat verbrachte er die meiste Zeit in Ost-und Westpreu\u00dfen bevor er in Ludwigsburg stationiert wurde. Ab dieser Zeit nahm er Unterricht bei Malern des Stuttgarter Raums und begann schlie\u00dflich 1932 ein Studium an der Kunstakademie in Stuttgart. Eine Zeit lebte er in Neckarweihingen, dann lie\u00df er sich in Stuttgart nieder, wo er auch 1934 seine erste Einzelausstellung abhielt. Nach Denunziation durch Kollegen 1944 verbrannte er einen Teil seiner Arbeiten, weitere Arbeiten wurden durch einen Bombenangriff auf Stuttgart vernichtet, und hielt sich bis Ende des Krieges in einem Ferienhaus auf dem Traifelberg versteckt. Nach dem Krieg lebte und arbeitete er in Pfullingen. 1953 stie\u00df er zur telegramm-gruppe um G\u00fcnter Bruno Fuchs in Reutlingen.<\/p>\n","protected":false},"featured_media":24457,"template":"","meta":[],"product_brand":[],"product_cat":[74,105,173,914],"product_tag":[],"class_list":{"0":"post-24455","1":"product","2":"type-product","3":"status-publish","4":"has-post-thumbnail","6":"product_cat-deutschland","7":"product_cat-kunst","8":"product_cat-kunst-20-jahrhundert","9":"product_cat-zvab","11":"first","12":"instock","13":"purchasable","14":"product-type-simple"},"_links":{"self":[{"href":"https:\/\/antiquariat-steinbach.com\/rarebooks\/wp-json\/wp\/v2\/product\/24455","targetHints":{"allow":["GET"]}}],"collection":[{"href":"https:\/\/antiquariat-steinbach.com\/rarebooks\/wp-json\/wp\/v2\/product"}],"about":[{"href":"https:\/\/antiquariat-steinbach.com\/rarebooks\/wp-json\/wp\/v2\/types\/product"}],"version-history":[{"count":1,"href":"https:\/\/antiquariat-steinbach.com\/rarebooks\/wp-json\/wp\/v2\/product\/24455\/revisions"}],"predecessor-version":[{"id":24456,"href":"https:\/\/antiquariat-steinbach.com\/rarebooks\/wp-json\/wp\/v2\/product\/24455\/revisions\/24456"}],"wp:featuredmedia":[{"embeddable":true,"href":"https:\/\/antiquariat-steinbach.com\/rarebooks\/wp-json\/wp\/v2\/media\/24457"}],"wp:attachment":[{"href":"https:\/\/antiquariat-steinbach.com\/rarebooks\/wp-json\/wp\/v2\/media?parent=24455"}],"wp:term":[{"taxonomy":"product_brand","embeddable":true,"href":"https:\/\/antiquariat-steinbach.com\/rarebooks\/wp-json\/wp\/v2\/product_brand?post=24455"},{"taxonomy":"product_cat","embeddable":true,"href":"https:\/\/antiquariat-steinbach.com\/rarebooks\/wp-json\/wp\/v2\/product_cat?post=24455"},{"taxonomy":"product_tag","embeddable":true,"href":"https:\/\/antiquariat-steinbach.com\/rarebooks\/wp-json\/wp\/v2\/product_tag?post=24455"}],"curies":[{"name":"wp","href":"https:\/\/api.w.org\/{rel}","templated":true}]}}