{"id":24421,"date":"2026-03-12T00:12:09","date_gmt":"2026-03-11T23:12:09","guid":{"rendered":"https:\/\/antiquariat-steinbach.com\/rarebooks\/produkt\/jenzer-walter-koch-buechlein-fuer-fische-und-pilze\/"},"modified":"2026-03-12T00:12:12","modified_gmt":"2026-03-11T23:12:12","slug":"jenzer-walter-koch-buechlein-fuer-fische-und-pilze","status":"publish","type":"product","link":"https:\/\/antiquariat-steinbach.com\/rarebooks\/produkt\/jenzer-walter-koch-buechlein-fuer-fische-und-pilze\/","title":{"rendered":"Jenzer, Walter. &#8211;  Koch-B\u00fcchlein f\u00fcr Fische und Pilze."},"content":{"rendered":"<p>Bern, Wy\u00df, 1912.<\/p>\n<p>18 : 13 cm. XIV, 95 Seiten. Original Leinenband.<\/p>\n<p>60,00 EUR<\/p>\n","protected":false},"excerpt":{"rendered":"<p>Erste und einzige Ausgabe. &#8211; Behandelt Meer- und S\u00fc\u00dfwasserfische, S\u00fc\u00dfwasserfische der Schweiz und des Auslandes, Garnituren f\u00fcr die Fische. Der 2. Teil behandelt Pilze f\u00fcr die K\u00fcche. &#8211; Weiss 1772.<\/p>\n","protected":false},"featured_media":24423,"template":"","meta":[],"product_brand":[],"product_cat":[201,58,112,359,914],"product_tag":[],"class_list":{"0":"post-24421","1":"product","2":"type-product","3":"status-publish","4":"has-post-thumbnail","6":"product_cat-fische","7":"product_cat-gastronomie","8":"product_cat-kochbuecher","9":"product_cat-pilze","10":"product_cat-zvab","12":"first","13":"instock","14":"purchasable","15":"product-type-simple"},"_links":{"self":[{"href":"https:\/\/antiquariat-steinbach.com\/rarebooks\/wp-json\/wp\/v2\/product\/24421","targetHints":{"allow":["GET"]}}],"collection":[{"href":"https:\/\/antiquariat-steinbach.com\/rarebooks\/wp-json\/wp\/v2\/product"}],"about":[{"href":"https:\/\/antiquariat-steinbach.com\/rarebooks\/wp-json\/wp\/v2\/types\/product"}],"version-history":[{"count":1,"href":"https:\/\/antiquariat-steinbach.com\/rarebooks\/wp-json\/wp\/v2\/product\/24421\/revisions"}],"predecessor-version":[{"id":24422,"href":"https:\/\/antiquariat-steinbach.com\/rarebooks\/wp-json\/wp\/v2\/product\/24421\/revisions\/24422"}],"wp:featuredmedia":[{"embeddable":true,"href":"https:\/\/antiquariat-steinbach.com\/rarebooks\/wp-json\/wp\/v2\/media\/24423"}],"wp:attachment":[{"href":"https:\/\/antiquariat-steinbach.com\/rarebooks\/wp-json\/wp\/v2\/media?parent=24421"}],"wp:term":[{"taxonomy":"product_brand","embeddable":true,"href":"https:\/\/antiquariat-steinbach.com\/rarebooks\/wp-json\/wp\/v2\/product_brand?post=24421"},{"taxonomy":"product_cat","embeddable":true,"href":"https:\/\/antiquariat-steinbach.com\/rarebooks\/wp-json\/wp\/v2\/product_cat?post=24421"},{"taxonomy":"product_tag","embeddable":true,"href":"https:\/\/antiquariat-steinbach.com\/rarebooks\/wp-json\/wp\/v2\/product_tag?post=24421"}],"curies":[{"name":"wp","href":"https:\/\/api.w.org\/{rel}","templated":true}]}}