{"id":24362,"date":"2026-03-12T00:10:25","date_gmt":"2026-03-11T23:10:25","guid":{"rendered":"https:\/\/antiquariat-steinbach.com\/rarebooks\/produkt\/hofmann-egli-lydia-die-kueche-der-berufstaetigen-frau-und-des-kleinen-haushaltes-auch-fuer-alleinstehende\/"},"modified":"2026-03-12T00:10:27","modified_gmt":"2026-03-11T23:10:27","slug":"hofmann-egli-lydia-die-kueche-der-berufstaetigen-frau-und-des-kleinen-haushaltes-auch-fuer-alleinstehende","status":"publish","type":"product","link":"https:\/\/antiquariat-steinbach.com\/rarebooks\/produkt\/hofmann-egli-lydia-die-kueche-der-berufstaetigen-frau-und-des-kleinen-haushaltes-auch-fuer-alleinstehende\/","title":{"rendered":"Hofmann-Egli, Lydia. &#8211;  Die K\u00fcche der berufst\u00e4tigen Frau und des kleinen Haushaltes (Auch f\u00fcr Alleinstehende)."},"content":{"rendered":"<p>Basel, Majer, 1926.<\/p>\n<p>19,5 : 13 cm. 2 Blatt, 229 Seiten, 2 Blatt, 1 farbige Tafel.Farbig illujstrierter Originl-Leinenband.<\/p>\n<p>35,00 EUR<\/p>\n","protected":false},"excerpt":{"rendered":"<p>Heute wieder hochaktuell. &#8211; Tadellos.<\/p>\n","protected":false},"featured_media":24364,"template":"","meta":[],"product_brand":[],"product_cat":[58,112,914],"product_tag":[],"class_list":{"0":"post-24362","1":"product","2":"type-product","3":"status-publish","4":"has-post-thumbnail","6":"product_cat-gastronomie","7":"product_cat-kochbuecher","8":"product_cat-zvab","10":"first","11":"instock","12":"purchasable","13":"product-type-simple"},"_links":{"self":[{"href":"https:\/\/antiquariat-steinbach.com\/rarebooks\/wp-json\/wp\/v2\/product\/24362","targetHints":{"allow":["GET"]}}],"collection":[{"href":"https:\/\/antiquariat-steinbach.com\/rarebooks\/wp-json\/wp\/v2\/product"}],"about":[{"href":"https:\/\/antiquariat-steinbach.com\/rarebooks\/wp-json\/wp\/v2\/types\/product"}],"version-history":[{"count":1,"href":"https:\/\/antiquariat-steinbach.com\/rarebooks\/wp-json\/wp\/v2\/product\/24362\/revisions"}],"predecessor-version":[{"id":24363,"href":"https:\/\/antiquariat-steinbach.com\/rarebooks\/wp-json\/wp\/v2\/product\/24362\/revisions\/24363"}],"wp:featuredmedia":[{"embeddable":true,"href":"https:\/\/antiquariat-steinbach.com\/rarebooks\/wp-json\/wp\/v2\/media\/24364"}],"wp:attachment":[{"href":"https:\/\/antiquariat-steinbach.com\/rarebooks\/wp-json\/wp\/v2\/media?parent=24362"}],"wp:term":[{"taxonomy":"product_brand","embeddable":true,"href":"https:\/\/antiquariat-steinbach.com\/rarebooks\/wp-json\/wp\/v2\/product_brand?post=24362"},{"taxonomy":"product_cat","embeddable":true,"href":"https:\/\/antiquariat-steinbach.com\/rarebooks\/wp-json\/wp\/v2\/product_cat?post=24362"},{"taxonomy":"product_tag","embeddable":true,"href":"https:\/\/antiquariat-steinbach.com\/rarebooks\/wp-json\/wp\/v2\/product_tag?post=24362"}],"curies":[{"name":"wp","href":"https:\/\/api.w.org\/{rel}","templated":true}]}}