{"id":24346,"date":"2026-03-12T00:10:21","date_gmt":"2026-03-11T23:10:21","guid":{"rendered":"https:\/\/antiquariat-steinbach.com\/rarebooks\/produkt\/hochstetter-christian-friederich-populaere-botanik-oder-fassliche-anleitung-zur-kenntniss-der-gewaechse-besonders-der-in-deutschland-und-in-der-schweiz-am-haeufigsten-wildwachsenden-arten\/"},"modified":"2026-03-12T00:10:21","modified_gmt":"2026-03-11T23:10:21","slug":"hochstetter-christian-friederich-populaere-botanik-oder-fassliche-anleitung-zur-kenntniss-der-gewaechse-besonders-der-in-deutschland-und-in-der-schweiz-am-haeufigsten-wildwachsenden-arten","status":"publish","type":"product","link":"https:\/\/antiquariat-steinbach.com\/rarebooks\/produkt\/hochstetter-christian-friederich-populaere-botanik-oder-fassliche-anleitung-zur-kenntniss-der-gewaechse-besonders-der-in-deutschland-und-in-der-schweiz-am-haeufigsten-wildwachsenden-arten\/","title":{"rendered":"Hochstetter, Ch(ristian) F(riederich): &#8211;  Popul\u00e4re Botanik, oder fa\u00dfliche Anleitung zur Kenntni\u00df der Gew\u00e4chse, besonders der in Deutschland und in der Schweiz am h\u00e4ufigsten wildwachsenden Arten."},"content":{"rendered":"<p>Reutlingen, M\u00e4cken 1831.<\/p>\n<p>Band 2 (von 2) 20,5 : 12,5 cm. Seiten 425 &#8211;  910,  28 Blatt Register  Halbleinenband der Zeit mit R\u00fcckentitel und etwas R\u00fcckenvergoldung.<\/p>\n<p>40,00 EUR<\/p>\n","protected":false},"excerpt":{"rendered":"<p>Erste Ausgabe. &#8211; Der Esslinger P\u00e4dagoge und Stadtpfarrer Chr. F. Hochstetter (1787-1860) war auch Mitglied zahlreicher w\u00fcrttembergischer naturwissenschaftlicher Gesellschaften. Mit dem Bl\u00fcthenkalender. &#8211; Der zweite von zwei B\u00e4nden.  Ohne die Tafeln. &#8211; Pritzel 4100; nicht bei Nissen.<\/p>\n","protected":false},"featured_media":0,"template":"","meta":[],"product_brand":[],"product_cat":[37,82,914],"product_tag":[],"class_list":{"0":"post-24346","1":"product","2":"type-product","3":"status-publish","5":"product_cat-botanik","6":"product_cat-naturwissenschaften","7":"product_cat-zvab","9":"first","10":"instock","11":"purchasable","12":"product-type-simple"},"_links":{"self":[{"href":"https:\/\/antiquariat-steinbach.com\/rarebooks\/wp-json\/wp\/v2\/product\/24346","targetHints":{"allow":["GET"]}}],"collection":[{"href":"https:\/\/antiquariat-steinbach.com\/rarebooks\/wp-json\/wp\/v2\/product"}],"about":[{"href":"https:\/\/antiquariat-steinbach.com\/rarebooks\/wp-json\/wp\/v2\/types\/product"}],"version-history":[{"count":1,"href":"https:\/\/antiquariat-steinbach.com\/rarebooks\/wp-json\/wp\/v2\/product\/24346\/revisions"}],"predecessor-version":[{"id":24347,"href":"https:\/\/antiquariat-steinbach.com\/rarebooks\/wp-json\/wp\/v2\/product\/24346\/revisions\/24347"}],"wp:attachment":[{"href":"https:\/\/antiquariat-steinbach.com\/rarebooks\/wp-json\/wp\/v2\/media?parent=24346"}],"wp:term":[{"taxonomy":"product_brand","embeddable":true,"href":"https:\/\/antiquariat-steinbach.com\/rarebooks\/wp-json\/wp\/v2\/product_brand?post=24346"},{"taxonomy":"product_cat","embeddable":true,"href":"https:\/\/antiquariat-steinbach.com\/rarebooks\/wp-json\/wp\/v2\/product_cat?post=24346"},{"taxonomy":"product_tag","embeddable":true,"href":"https:\/\/antiquariat-steinbach.com\/rarebooks\/wp-json\/wp\/v2\/product_tag?post=24346"}],"curies":[{"name":"wp","href":"https:\/\/api.w.org\/{rel}","templated":true}]}}