{"id":24336,"date":"2026-03-12T00:10:14","date_gmt":"2026-03-11T23:10:14","guid":{"rendered":"https:\/\/antiquariat-steinbach.com\/rarebooks\/produkt\/hiller-kurt-herausgeber-das-ziel-aufrufe-zu-taetigem-geist\/"},"modified":"2026-03-12T00:10:16","modified_gmt":"2026-03-11T23:10:16","slug":"hiller-kurt-herausgeber-das-ziel-aufrufe-zu-taetigem-geist","status":"publish","type":"product","link":"https:\/\/antiquariat-steinbach.com\/rarebooks\/produkt\/hiller-kurt-herausgeber-das-ziel-aufrufe-zu-taetigem-geist\/","title":{"rendered":"Hiller, Kurt (Herausgeber). &#8211;  Das Ziel. Aufrufe zu t\u00e4tigem Geist."},"content":{"rendered":"<p>M\u00fcnchen und Berlin,  Georg M\u00fcller, 1916.<\/p>\n<p>22 : 14,5 cm. 4 Blatt, 222 Seiten. Original Halbleinenband.<\/p>\n<p>50,00 EUR<\/p>\n","protected":false},"excerpt":{"rendered":"<p>Mit Beitr\u00e4gen von Walter Benjamin, Max Brod, Kurt Hiller, Heinrich Mann, Franz Werfel, Alfred Wolfenstein u.v.a. &#8211; Einband  vereinzelt gering fleckig, Kanten gering bestossen.<\/p>\n","protected":false},"featured_media":24338,"template":"","meta":[],"product_brand":[],"product_cat":[29,74,176,32,914],"product_tag":[],"class_list":{"0":"post-24336","1":"product","2":"type-product","3":"status-publish","4":"has-post-thumbnail","6":"product_cat-20-jahrhundert","7":"product_cat-deutschland","8":"product_cat-first-edition","9":"product_cat-literatur","10":"product_cat-zvab","12":"first","13":"instock","14":"purchasable","15":"product-type-simple"},"_links":{"self":[{"href":"https:\/\/antiquariat-steinbach.com\/rarebooks\/wp-json\/wp\/v2\/product\/24336","targetHints":{"allow":["GET"]}}],"collection":[{"href":"https:\/\/antiquariat-steinbach.com\/rarebooks\/wp-json\/wp\/v2\/product"}],"about":[{"href":"https:\/\/antiquariat-steinbach.com\/rarebooks\/wp-json\/wp\/v2\/types\/product"}],"version-history":[{"count":1,"href":"https:\/\/antiquariat-steinbach.com\/rarebooks\/wp-json\/wp\/v2\/product\/24336\/revisions"}],"predecessor-version":[{"id":24337,"href":"https:\/\/antiquariat-steinbach.com\/rarebooks\/wp-json\/wp\/v2\/product\/24336\/revisions\/24337"}],"wp:featuredmedia":[{"embeddable":true,"href":"https:\/\/antiquariat-steinbach.com\/rarebooks\/wp-json\/wp\/v2\/media\/24338"}],"wp:attachment":[{"href":"https:\/\/antiquariat-steinbach.com\/rarebooks\/wp-json\/wp\/v2\/media?parent=24336"}],"wp:term":[{"taxonomy":"product_brand","embeddable":true,"href":"https:\/\/antiquariat-steinbach.com\/rarebooks\/wp-json\/wp\/v2\/product_brand?post=24336"},{"taxonomy":"product_cat","embeddable":true,"href":"https:\/\/antiquariat-steinbach.com\/rarebooks\/wp-json\/wp\/v2\/product_cat?post=24336"},{"taxonomy":"product_tag","embeddable":true,"href":"https:\/\/antiquariat-steinbach.com\/rarebooks\/wp-json\/wp\/v2\/product_tag?post=24336"}],"curies":[{"name":"wp","href":"https:\/\/api.w.org\/{rel}","templated":true}]}}