{"id":24322,"date":"2026-03-12T00:10:04","date_gmt":"2026-03-11T23:10:04","guid":{"rendered":"https:\/\/antiquariat-steinbach.com\/rarebooks\/produkt\/heinz-gebhard-drechslerarbeiten\/"},"modified":"2026-03-12T00:10:06","modified_gmt":"2026-03-11T23:10:06","slug":"heinz-gebhard-drechslerarbeiten","status":"publish","type":"product","link":"https:\/\/antiquariat-steinbach.com\/rarebooks\/produkt\/heinz-gebhard-drechslerarbeiten\/","title":{"rendered":"Heinz, Gebhard. &#8211;  Drechslerarbeiten."},"content":{"rendered":"<p>Waal (Alg\u00e4u), Selbstverlag, 1938<\/p>\n<p>24,5 : 17,5 cm. 48 Seiten mit meist ganzseitigen Abbildungen. Original-Karton.<\/p>\n<p>30,00 EUR<\/p>\n","protected":false},"excerpt":{"rendered":"<p>Die Abbildungen zeigen M\u00f6belteile, Lampen, Leuchten, St\u00fchle, Tische, Gef\u00e4\u00dfe, Kerzenleuchter usw. &#8211; Beiliegt: Lichttr\u00e4ger aus Holz nach vorliegenden und eigenen Entw\u00fcrfen liefer Ihnen Gebhard Heinz. &#8211; Drechslerarbeiten schm\u00fccken den Bau, ohne ihn zu verteuern.<\/p>\n","protected":false},"featured_media":24324,"template":"","meta":[],"product_brand":[],"product_cat":[259,233,232,914],"product_tag":[],"class_list":{"0":"post-24322","1":"product","2":"type-product","3":"status-publish","4":"has-post-thumbnail","6":"product_cat-handwerk","7":"product_cat-innenarchitektur","8":"product_cat-moebel","9":"product_cat-zvab","11":"first","12":"instock","13":"purchasable","14":"product-type-simple"},"_links":{"self":[{"href":"https:\/\/antiquariat-steinbach.com\/rarebooks\/wp-json\/wp\/v2\/product\/24322","targetHints":{"allow":["GET"]}}],"collection":[{"href":"https:\/\/antiquariat-steinbach.com\/rarebooks\/wp-json\/wp\/v2\/product"}],"about":[{"href":"https:\/\/antiquariat-steinbach.com\/rarebooks\/wp-json\/wp\/v2\/types\/product"}],"version-history":[{"count":1,"href":"https:\/\/antiquariat-steinbach.com\/rarebooks\/wp-json\/wp\/v2\/product\/24322\/revisions"}],"predecessor-version":[{"id":24323,"href":"https:\/\/antiquariat-steinbach.com\/rarebooks\/wp-json\/wp\/v2\/product\/24322\/revisions\/24323"}],"wp:featuredmedia":[{"embeddable":true,"href":"https:\/\/antiquariat-steinbach.com\/rarebooks\/wp-json\/wp\/v2\/media\/24324"}],"wp:attachment":[{"href":"https:\/\/antiquariat-steinbach.com\/rarebooks\/wp-json\/wp\/v2\/media?parent=24322"}],"wp:term":[{"taxonomy":"product_brand","embeddable":true,"href":"https:\/\/antiquariat-steinbach.com\/rarebooks\/wp-json\/wp\/v2\/product_brand?post=24322"},{"taxonomy":"product_cat","embeddable":true,"href":"https:\/\/antiquariat-steinbach.com\/rarebooks\/wp-json\/wp\/v2\/product_cat?post=24322"},{"taxonomy":"product_tag","embeddable":true,"href":"https:\/\/antiquariat-steinbach.com\/rarebooks\/wp-json\/wp\/v2\/product_tag?post=24322"}],"curies":[{"name":"wp","href":"https:\/\/api.w.org\/{rel}","templated":true}]}}