{"id":24309,"date":"2026-03-12T00:08:52","date_gmt":"2026-03-11T23:08:52","guid":{"rendered":"https:\/\/antiquariat-steinbach.com\/rarebooks\/produkt\/hartenkeil-j-j-und-f-x-mezler-medicinisch-chirurgische-zeitung\/"},"modified":"2026-03-12T00:08:53","modified_gmt":"2026-03-11T23:08:53","slug":"hartenkeil-j-j-und-f-x-mezler-medicinisch-chirurgische-zeitung","status":"publish","type":"product","link":"https:\/\/antiquariat-steinbach.com\/rarebooks\/produkt\/hartenkeil-j-j-und-f-x-mezler-medicinisch-chirurgische-zeitung\/","title":{"rendered":"Hartenkeil, J.J. und F.X. Mezler. &#8211;  Medicinisch-chirurgische Zeitung."},"content":{"rendered":"<p>Salzburg, Oberer, 1790<\/p>\n<p>4. Band. 19,5 : 12 cm. 384 Seiten, 33 Blatt. Pappband der Zeit.<\/p>\n<p>120,00 EUR<\/p>\n","protected":false},"excerpt":{"rendered":"<p>Erste Ausgabe. &#8211; Die Zeitschrift erschien von 1790 bis 1808. &#8211; Johann Jakob Hartenkeil oder Johann Jacob Hartenkeil (* 28. Januar 1761 in Mainz; \u2020 7. Juni 1808 in Salzburg) war ein Salzburger Arzt des sp\u00e4ten 18. Jahrhunderts, Leibarzt F\u00fcrsterzbischof Colloredos, Chirurg und Professor f\u00fcr Medizin an der Universit\u00e4t Salzburg. Er reformierte das Salzburger Medizinalwesen im Geiste der Aufkl\u00e4rung und initiierte die Errichtung einer medizinischen Fakult\u00e4t. \u00dcberregionale Bedeutung erlangte er als Herausgeber der Medicinisch-chirurgischen Zeitung, einer der damals f\u00fchrenden medizinischen Fachzeitschriften im deutschen Sprachraum.- Kleiner Duplium-Stempel auf fliegendem Vorsatz.<\/p>\n","protected":false},"featured_media":0,"template":"","meta":[],"product_brand":[],"product_cat":[71,179,296,52,914],"product_tag":[],"class_list":{"0":"post-24309","1":"product","2":"type-product","3":"status-publish","5":"product_cat-austriaca","6":"product_cat-medizin","7":"product_cat-salzburg","8":"product_cat-zeitschriften","9":"product_cat-zvab","11":"first","12":"instock","13":"purchasable","14":"product-type-simple"},"_links":{"self":[{"href":"https:\/\/antiquariat-steinbach.com\/rarebooks\/wp-json\/wp\/v2\/product\/24309","targetHints":{"allow":["GET"]}}],"collection":[{"href":"https:\/\/antiquariat-steinbach.com\/rarebooks\/wp-json\/wp\/v2\/product"}],"about":[{"href":"https:\/\/antiquariat-steinbach.com\/rarebooks\/wp-json\/wp\/v2\/types\/product"}],"version-history":[{"count":1,"href":"https:\/\/antiquariat-steinbach.com\/rarebooks\/wp-json\/wp\/v2\/product\/24309\/revisions"}],"predecessor-version":[{"id":24310,"href":"https:\/\/antiquariat-steinbach.com\/rarebooks\/wp-json\/wp\/v2\/product\/24309\/revisions\/24310"}],"wp:attachment":[{"href":"https:\/\/antiquariat-steinbach.com\/rarebooks\/wp-json\/wp\/v2\/media?parent=24309"}],"wp:term":[{"taxonomy":"product_brand","embeddable":true,"href":"https:\/\/antiquariat-steinbach.com\/rarebooks\/wp-json\/wp\/v2\/product_brand?post=24309"},{"taxonomy":"product_cat","embeddable":true,"href":"https:\/\/antiquariat-steinbach.com\/rarebooks\/wp-json\/wp\/v2\/product_cat?post=24309"},{"taxonomy":"product_tag","embeddable":true,"href":"https:\/\/antiquariat-steinbach.com\/rarebooks\/wp-json\/wp\/v2\/product_tag?post=24309"}],"curies":[{"name":"wp","href":"https:\/\/api.w.org\/{rel}","templated":true}]}}