{"id":24294,"date":"2026-03-12T00:08:43","date_gmt":"2026-03-11T23:08:43","guid":{"rendered":"https:\/\/antiquariat-steinbach.com\/rarebooks\/produkt\/hahn-albert-l-rueckblick-und-ausblick\/"},"modified":"2026-03-12T00:08:45","modified_gmt":"2026-03-11T23:08:45","slug":"hahn-albert-l-rueckblick-und-ausblick","status":"publish","type":"product","link":"https:\/\/antiquariat-steinbach.com\/rarebooks\/produkt\/hahn-albert-l-rueckblick-und-ausblick\/","title":{"rendered":"Hahn, Albert L. &#8211;  R\u00fcckblick und Ausblick."},"content":{"rendered":"<p>Frankfurt\/Main,  Deutsche Effecten- und Wechselbank, 1964.<\/p>\n<p>19 : 21 cm. 38 Seiten. Grauer Original-Karton, japanische Blockbuchbindung.<\/p>\n<p>25,00 EUR<\/p>\n","protected":false},"excerpt":{"rendered":"<p>Auf dem Titel eigenh\u00e4ndige Widmung des Veerfassers. Auf d\u00fcnnem Japan-Papier gedruckt. &#8211; \u201e\u2026 Geburtstagsreden auf die eigene Person sind \u00e4u\u00dferst selten, und doch haben sie unleugbare Vorteile gegen\u00fcber denen von Freunden. Nur man selbst wei\u00df, was man alles im Leben falsch gemacht hat. Die Freunde wissen es nicht \u2013 oder verscheigen es taktvoll in Geburtstagsreden. Ich will Sie heute aber nicht mit einem Bericht dar\u00fcber langweilen, was ich alles als Theoretiker falsch gemacht habe. Andere haben dies oft besorgt. Ich m\u00f6chte lediglich als sogenannter Praktiker einen kurzen Rechenschaftsbericht geben. \u2026\u201c<\/p>\n","protected":false},"featured_media":24296,"template":"","meta":[],"product_brand":[],"product_cat":[220,595,326,91,914],"product_tag":[],"class_list":{"0":"post-24294","1":"product","2":"type-product","3":"status-publish","4":"has-post-thumbnail","6":"product_cat-bankwesen","7":"product_cat-nationaloekonomie","8":"product_cat-soziologie","9":"product_cat-wirtschaft","10":"product_cat-zvab","12":"first","13":"instock","14":"purchasable","15":"product-type-simple"},"_links":{"self":[{"href":"https:\/\/antiquariat-steinbach.com\/rarebooks\/wp-json\/wp\/v2\/product\/24294","targetHints":{"allow":["GET"]}}],"collection":[{"href":"https:\/\/antiquariat-steinbach.com\/rarebooks\/wp-json\/wp\/v2\/product"}],"about":[{"href":"https:\/\/antiquariat-steinbach.com\/rarebooks\/wp-json\/wp\/v2\/types\/product"}],"version-history":[{"count":1,"href":"https:\/\/antiquariat-steinbach.com\/rarebooks\/wp-json\/wp\/v2\/product\/24294\/revisions"}],"predecessor-version":[{"id":24295,"href":"https:\/\/antiquariat-steinbach.com\/rarebooks\/wp-json\/wp\/v2\/product\/24294\/revisions\/24295"}],"wp:featuredmedia":[{"embeddable":true,"href":"https:\/\/antiquariat-steinbach.com\/rarebooks\/wp-json\/wp\/v2\/media\/24296"}],"wp:attachment":[{"href":"https:\/\/antiquariat-steinbach.com\/rarebooks\/wp-json\/wp\/v2\/media?parent=24294"}],"wp:term":[{"taxonomy":"product_brand","embeddable":true,"href":"https:\/\/antiquariat-steinbach.com\/rarebooks\/wp-json\/wp\/v2\/product_brand?post=24294"},{"taxonomy":"product_cat","embeddable":true,"href":"https:\/\/antiquariat-steinbach.com\/rarebooks\/wp-json\/wp\/v2\/product_cat?post=24294"},{"taxonomy":"product_tag","embeddable":true,"href":"https:\/\/antiquariat-steinbach.com\/rarebooks\/wp-json\/wp\/v2\/product_tag?post=24294"}],"curies":[{"name":"wp","href":"https:\/\/api.w.org\/{rel}","templated":true}]}}