{"id":24288,"date":"2026-03-12T00:08:39","date_gmt":"2026-03-11T23:08:39","guid":{"rendered":"https:\/\/antiquariat-steinbach.com\/rarebooks\/produkt\/guertler-eduard-vollstaendige-katechesen-fuer-das-erste-schuljahr\/"},"modified":"2026-03-12T00:08:40","modified_gmt":"2026-03-11T23:08:40","slug":"guertler-eduard-vollstaendige-katechesen-fuer-das-erste-schuljahr","status":"publish","type":"product","link":"https:\/\/antiquariat-steinbach.com\/rarebooks\/produkt\/guertler-eduard-vollstaendige-katechesen-fuer-das-erste-schuljahr\/","title":{"rendered":"G\u00fcrtler, Eduard. &#8211;  Vollst\u00e4ndige Katechesen f\u00fcr das erste Schuljahr."},"content":{"rendered":"<p>Graz und Wien, Styria, 1915.<\/p>\n<p>20 : 13,5 cm. VII, 231 Seiten. Original Leinenband.<\/p>\n<p>15,00 EUR<\/p>\n","protected":false},"excerpt":{"rendered":"<p>Graz und Wien, Styria, 1915. 20 : 13,5 cm. VII, 231 Seiten. Original Leinenband. 15,00 EUR<\/p>\n","protected":false},"featured_media":24290,"template":"","meta":[],"product_brand":[],"product_cat":[182,110,914],"product_tag":[],"class_list":{"0":"post-24288","1":"product","2":"type-product","3":"status-publish","4":"has-post-thumbnail","6":"product_cat-paedagogik","7":"product_cat-theologie","8":"product_cat-zvab","10":"first","11":"instock","12":"purchasable","13":"product-type-simple"},"_links":{"self":[{"href":"https:\/\/antiquariat-steinbach.com\/rarebooks\/wp-json\/wp\/v2\/product\/24288","targetHints":{"allow":["GET"]}}],"collection":[{"href":"https:\/\/antiquariat-steinbach.com\/rarebooks\/wp-json\/wp\/v2\/product"}],"about":[{"href":"https:\/\/antiquariat-steinbach.com\/rarebooks\/wp-json\/wp\/v2\/types\/product"}],"version-history":[{"count":1,"href":"https:\/\/antiquariat-steinbach.com\/rarebooks\/wp-json\/wp\/v2\/product\/24288\/revisions"}],"predecessor-version":[{"id":24289,"href":"https:\/\/antiquariat-steinbach.com\/rarebooks\/wp-json\/wp\/v2\/product\/24288\/revisions\/24289"}],"wp:featuredmedia":[{"embeddable":true,"href":"https:\/\/antiquariat-steinbach.com\/rarebooks\/wp-json\/wp\/v2\/media\/24290"}],"wp:attachment":[{"href":"https:\/\/antiquariat-steinbach.com\/rarebooks\/wp-json\/wp\/v2\/media?parent=24288"}],"wp:term":[{"taxonomy":"product_brand","embeddable":true,"href":"https:\/\/antiquariat-steinbach.com\/rarebooks\/wp-json\/wp\/v2\/product_brand?post=24288"},{"taxonomy":"product_cat","embeddable":true,"href":"https:\/\/antiquariat-steinbach.com\/rarebooks\/wp-json\/wp\/v2\/product_cat?post=24288"},{"taxonomy":"product_tag","embeddable":true,"href":"https:\/\/antiquariat-steinbach.com\/rarebooks\/wp-json\/wp\/v2\/product_tag?post=24288"}],"curies":[{"name":"wp","href":"https:\/\/api.w.org\/{rel}","templated":true}]}}