{"id":2427,"date":"2026-03-12T00:06:12","date_gmt":"2026-03-11T23:06:12","guid":{"rendered":"http:\/\/antiquariat-steinbach.com\/rarebooks\/produkt\/annee-galante-ou-etrenne-a-lamour-2\/"},"modified":"2026-03-12T00:06:13","modified_gmt":"2026-03-11T23:06:13","slug":"erotisme-annee-galante-ou-etrenne-a-lamour","status":"publish","type":"product","link":"https:\/\/antiquariat-steinbach.com\/rarebooks\/produkt\/erotisme-annee-galante-ou-etrenne-a-lamour\/","title":{"rendered":"\u00c9rotisme &#8211;   Ann\u00e9e galante ou Etrenne a l&#8217;Amour."},"content":{"rendered":"<p>N.p, 1775.<\/p>\n<p>23 : 18,5 cm. Engraved title-page and 12 erotic engraved plates. Boards.<\/p>\n<p>1200,00 EUR<\/p>\n","protected":false},"excerpt":{"rendered":"<p>Ces vignettes sont assez bien faites&#8230; (Gay-L. I, 227). For each month there is an erotic engraving, below a coresponding poem, also engraved, printed on thin Japan. Inside the front board a mounted erotic engraved plate &#8222;Quartier Bonne Nouvelle&#8220;. &#8211; Obviously privatly composed copy, which only contains the plates, refering to Gay-L there are 41 leaves of text to the book, &#8222;&#8230;mais les contes eux-m\u00e8mes sont tr\u00e8s plats, et il n&#8217;pas un digne d&#8217;\u00e8tre conserv\u00e9&#8220; (Gay-L.). Seems that the owner thought so too, and has only bound the plates together, which are here complete. Also like this rare.<\/p>\n","protected":false},"featured_media":14456,"template":"","meta":[],"product_brand":[],"product_cat":[142,96,914],"product_tag":[],"class_list":{"0":"post-2427","1":"product","2":"type-product","3":"status-publish","4":"has-post-thumbnail","6":"product_cat-erotika","7":"product_cat-frankreich","8":"product_cat-zvab","10":"first","11":"instock","12":"purchasable","13":"product-type-simple"},"_links":{"self":[{"href":"https:\/\/antiquariat-steinbach.com\/rarebooks\/wp-json\/wp\/v2\/product\/2427","targetHints":{"allow":["GET"]}}],"collection":[{"href":"https:\/\/antiquariat-steinbach.com\/rarebooks\/wp-json\/wp\/v2\/product"}],"about":[{"href":"https:\/\/antiquariat-steinbach.com\/rarebooks\/wp-json\/wp\/v2\/types\/product"}],"version-history":[{"count":4,"href":"https:\/\/antiquariat-steinbach.com\/rarebooks\/wp-json\/wp\/v2\/product\/2427\/revisions"}],"predecessor-version":[{"id":24122,"href":"https:\/\/antiquariat-steinbach.com\/rarebooks\/wp-json\/wp\/v2\/product\/2427\/revisions\/24122"}],"wp:featuredmedia":[{"embeddable":true,"href":"https:\/\/antiquariat-steinbach.com\/rarebooks\/wp-json\/wp\/v2\/media\/14456"}],"wp:attachment":[{"href":"https:\/\/antiquariat-steinbach.com\/rarebooks\/wp-json\/wp\/v2\/media?parent=2427"}],"wp:term":[{"taxonomy":"product_brand","embeddable":true,"href":"https:\/\/antiquariat-steinbach.com\/rarebooks\/wp-json\/wp\/v2\/product_brand?post=2427"},{"taxonomy":"product_cat","embeddable":true,"href":"https:\/\/antiquariat-steinbach.com\/rarebooks\/wp-json\/wp\/v2\/product_cat?post=2427"},{"taxonomy":"product_tag","embeddable":true,"href":"https:\/\/antiquariat-steinbach.com\/rarebooks\/wp-json\/wp\/v2\/product_tag?post=2427"}],"curies":[{"name":"wp","href":"https:\/\/api.w.org\/{rel}","templated":true}]}}