{"id":24254,"date":"2026-03-12T00:08:15","date_gmt":"2026-03-11T23:08:15","guid":{"rendered":"https:\/\/antiquariat-steinbach.com\/rarebooks\/produkt\/gilgen-hermine-v-d-i-hermine-kolda-kochbuch-fuer-zuckerkranke-durchaus-erprobte-aerztlicherseits-anerkannte-recepte\/"},"modified":"2026-03-12T00:08:17","modified_gmt":"2026-03-11T23:08:17","slug":"gilgen-hermine-v-d-i-hermine-kolda-kochbuch-fuer-zuckerkranke-durchaus-erprobte-aerztlicherseits-anerkannte-recepte","status":"publish","type":"product","link":"https:\/\/antiquariat-steinbach.com\/rarebooks\/produkt\/gilgen-hermine-v-d-i-hermine-kolda-kochbuch-fuer-zuckerkranke-durchaus-erprobte-aerztlicherseits-anerkannte-recepte\/","title":{"rendered":"Gilgen, Hermine v. (d.i. Hermine Kolda). &#8211;  Kochbuch f\u00fcr Zuckerkranke.Durchaus erprobte, \u00e4rztlicherseits anerkannte Recepte."},"content":{"rendered":"<p>Wien, &#8222;St. Nobertus&#8220;, 1897.<\/p>\n<p>24,5 : 18 cm. XI, 91 Seiten mit einigen Illustrationen, 1 Blatt. Original Leinenband.<\/p>\n<p>80,00 EUR<\/p>\n","protected":false},"excerpt":{"rendered":"<p>Erste Auflage. &#8211; Enth\u00e4lt Rezepte f\u00fcr Suppen, Vorspeisen, warme und kalte Soucen, Gem\u00fcse, Salat, Rindfleisch, Kalbfleisch, Lamm- und Sch\u00f6psenfleisch, Schweinfleisch, Wildpret, Gefl\u00fcgel, Fische und Fischspeisen,  Eierspeisen, Mehlspeisen etc. &#8211; Weiss 1244.<\/p>\n","protected":false},"featured_media":24256,"template":"","meta":[],"product_brand":[],"product_cat":[58,112,179,914],"product_tag":[],"class_list":{"0":"post-24254","1":"product","2":"type-product","3":"status-publish","4":"has-post-thumbnail","6":"product_cat-gastronomie","7":"product_cat-kochbuecher","8":"product_cat-medizin","9":"product_cat-zvab","11":"first","12":"instock","13":"purchasable","14":"product-type-simple"},"_links":{"self":[{"href":"https:\/\/antiquariat-steinbach.com\/rarebooks\/wp-json\/wp\/v2\/product\/24254","targetHints":{"allow":["GET"]}}],"collection":[{"href":"https:\/\/antiquariat-steinbach.com\/rarebooks\/wp-json\/wp\/v2\/product"}],"about":[{"href":"https:\/\/antiquariat-steinbach.com\/rarebooks\/wp-json\/wp\/v2\/types\/product"}],"version-history":[{"count":1,"href":"https:\/\/antiquariat-steinbach.com\/rarebooks\/wp-json\/wp\/v2\/product\/24254\/revisions"}],"predecessor-version":[{"id":24255,"href":"https:\/\/antiquariat-steinbach.com\/rarebooks\/wp-json\/wp\/v2\/product\/24254\/revisions\/24255"}],"wp:featuredmedia":[{"embeddable":true,"href":"https:\/\/antiquariat-steinbach.com\/rarebooks\/wp-json\/wp\/v2\/media\/24256"}],"wp:attachment":[{"href":"https:\/\/antiquariat-steinbach.com\/rarebooks\/wp-json\/wp\/v2\/media?parent=24254"}],"wp:term":[{"taxonomy":"product_brand","embeddable":true,"href":"https:\/\/antiquariat-steinbach.com\/rarebooks\/wp-json\/wp\/v2\/product_brand?post=24254"},{"taxonomy":"product_cat","embeddable":true,"href":"https:\/\/antiquariat-steinbach.com\/rarebooks\/wp-json\/wp\/v2\/product_cat?post=24254"},{"taxonomy":"product_tag","embeddable":true,"href":"https:\/\/antiquariat-steinbach.com\/rarebooks\/wp-json\/wp\/v2\/product_tag?post=24254"}],"curies":[{"name":"wp","href":"https:\/\/api.w.org\/{rel}","templated":true}]}}