{"id":2425,"date":"2026-03-12T00:06:12","date_gmt":"2026-03-11T23:06:12","guid":{"rendered":"http:\/\/antiquariat-steinbach.com\/rarebooks\/produkt\/lelement-erotique-dans-la-caricature-2\/"},"modified":"2026-03-12T00:06:12","modified_gmt":"2026-03-11T23:06:12","slug":"erotique-fuchs-eduard-lelement-erotique-dans-la-caricature","status":"publish","type":"product","link":"https:\/\/antiquariat-steinbach.com\/rarebooks\/produkt\/erotique-fuchs-eduard-lelement-erotique-dans-la-caricature\/","title":{"rendered":"Erotique &#8211;   Fuchs, Eduard: &#8211;  L&#8217;\u00e9l\u00e9ment \u00e9rotique dans la caricature."},"content":{"rendered":"<p>Wien, Stern 1906.<\/p>\n<p>29,5 : 22 cm. VI, 259 Seiten mit 223 Abbildungen und 33 teils farbigen Tafeln. Original-Leinenband.<\/p>\n<p>60,00 EUR<\/p>\n","protected":false},"excerpt":{"rendered":"<p>Einmaliger Privatdruck. &#8211; Buchblock teilweise gebrochen, einige Lagen lose.<\/p>\n","protected":false},"featured_media":0,"template":"","meta":[],"product_brand":[],"product_cat":[142,123,240,914],"product_tag":[],"class_list":{"0":"post-2425","1":"product","2":"type-product","3":"status-publish","5":"product_cat-erotika","6":"product_cat-karikatur","7":"product_cat-sittengeschichte","8":"product_cat-zvab","10":"first","11":"instock","12":"purchasable","13":"product-type-simple"},"_links":{"self":[{"href":"https:\/\/antiquariat-steinbach.com\/rarebooks\/wp-json\/wp\/v2\/product\/2425","targetHints":{"allow":["GET"]}}],"collection":[{"href":"https:\/\/antiquariat-steinbach.com\/rarebooks\/wp-json\/wp\/v2\/product"}],"about":[{"href":"https:\/\/antiquariat-steinbach.com\/rarebooks\/wp-json\/wp\/v2\/types\/product"}],"version-history":[{"count":3,"href":"https:\/\/antiquariat-steinbach.com\/rarebooks\/wp-json\/wp\/v2\/product\/2425\/revisions"}],"predecessor-version":[{"id":19245,"href":"https:\/\/antiquariat-steinbach.com\/rarebooks\/wp-json\/wp\/v2\/product\/2425\/revisions\/19245"}],"wp:attachment":[{"href":"https:\/\/antiquariat-steinbach.com\/rarebooks\/wp-json\/wp\/v2\/media?parent=2425"}],"wp:term":[{"taxonomy":"product_brand","embeddable":true,"href":"https:\/\/antiquariat-steinbach.com\/rarebooks\/wp-json\/wp\/v2\/product_brand?post=2425"},{"taxonomy":"product_cat","embeddable":true,"href":"https:\/\/antiquariat-steinbach.com\/rarebooks\/wp-json\/wp\/v2\/product_cat?post=2425"},{"taxonomy":"product_tag","embeddable":true,"href":"https:\/\/antiquariat-steinbach.com\/rarebooks\/wp-json\/wp\/v2\/product_tag?post=2425"}],"curies":[{"name":"wp","href":"https:\/\/api.w.org\/{rel}","templated":true}]}}