{"id":24233,"date":"2026-03-12T00:08:11","date_gmt":"2026-03-11T23:08:11","guid":{"rendered":"https:\/\/antiquariat-steinbach.com\/rarebooks\/produkt\/gelis-didot-p-la-peinture-decorative-en-france-du-xvi-au-xviii-siecle\/"},"modified":"2026-03-12T00:08:11","modified_gmt":"2026-03-11T23:08:11","slug":"gelis-didot-p-la-peinture-decorative-en-france-du-xvi-au-xviii-siecle","status":"publish","type":"product","link":"https:\/\/antiquariat-steinbach.com\/rarebooks\/produkt\/gelis-didot-p-la-peinture-decorative-en-france-du-xvi-au-xviii-siecle\/","title":{"rendered":"G\u00e9lis-Didot, P. &#8211;  La Peinture d\u00e9corative en France du XVI au XVIII si\u00e8cle."},"content":{"rendered":"<p>Paris, Librerie g\u00e9n\u00e9rale de l&#8217;architecture et des arts d\u00e9coratifs, 1896.<\/p>\n<p>44 : 33,5 cm. 4 leaves, 60 colooured, chromolithographed plates with each 2 &#8211; 6 pages text. Contemporary half calf, gilt title on spine.<\/p>\n<p>480,00 EUR<\/p>\n","protected":false},"excerpt":{"rendered":"<p>With illoustrations of paintings and decorations of Churches, castles, city houses like: Jub\u00e9 de Kerfuns, Plafond du Palais de Justice de Rouen, . de Dijon, Cath\u00e9drale d&#8217;Amiens, Ch\u00e2teau d&#8217;Ancy-le-Franc, H\u00f4tel de Carnavalet Paris, Ch\u00e2teau d&#8217;Ecouen, Ch\u00e2teau d&#8217;Oiron, Cath\u00e9drale d&#8217;Albi, Maison dite de Jeanne d&#8217;Arc \u00e0 Orleans, Ch\u00e2teau de Fontainebleau, Ch\u00e2teau de Cadillac, H\u00f4tel de La Vieuville (Paris), Biblioth\u00e8que de l&#8217;Arsenal (Paris), H\u00f4tel de Vog\u00fc\u00e9 de Dijon, Palais de Justice de Tr\u00e9voux, Palais de Justice de Rennes, Galerie d&#8217;Apollon au Louvre, H\u00f4tel de Mailly \u00e1 Paris, Ch\u00e2teau de Chantilly, Th\u00e9\u00e2tre de Bordeaux, Pavillon de Musique (Parc du Trianon, Versailles) etc.<\/p>\n","protected":false},"featured_media":24235,"template":"","meta":[],"product_brand":[],"product_cat":[48,302,143,96,233,914],"product_tag":[],"class_list":{"0":"post-24233","1":"product","2":"type-product","3":"status-publish","4":"has-post-thumbnail","6":"product_cat-architektur","7":"product_cat-dekoration","8":"product_cat-francais","9":"product_cat-frankreich","10":"product_cat-innenarchitektur","11":"product_cat-zvab","13":"first","14":"instock","15":"purchasable","16":"product-type-simple"},"_links":{"self":[{"href":"https:\/\/antiquariat-steinbach.com\/rarebooks\/wp-json\/wp\/v2\/product\/24233","targetHints":{"allow":["GET"]}}],"collection":[{"href":"https:\/\/antiquariat-steinbach.com\/rarebooks\/wp-json\/wp\/v2\/product"}],"about":[{"href":"https:\/\/antiquariat-steinbach.com\/rarebooks\/wp-json\/wp\/v2\/types\/product"}],"version-history":[{"count":1,"href":"https:\/\/antiquariat-steinbach.com\/rarebooks\/wp-json\/wp\/v2\/product\/24233\/revisions"}],"predecessor-version":[{"id":24234,"href":"https:\/\/antiquariat-steinbach.com\/rarebooks\/wp-json\/wp\/v2\/product\/24233\/revisions\/24234"}],"wp:featuredmedia":[{"embeddable":true,"href":"https:\/\/antiquariat-steinbach.com\/rarebooks\/wp-json\/wp\/v2\/media\/24235"}],"wp:attachment":[{"href":"https:\/\/antiquariat-steinbach.com\/rarebooks\/wp-json\/wp\/v2\/media?parent=24233"}],"wp:term":[{"taxonomy":"product_brand","embeddable":true,"href":"https:\/\/antiquariat-steinbach.com\/rarebooks\/wp-json\/wp\/v2\/product_brand?post=24233"},{"taxonomy":"product_cat","embeddable":true,"href":"https:\/\/antiquariat-steinbach.com\/rarebooks\/wp-json\/wp\/v2\/product_cat?post=24233"},{"taxonomy":"product_tag","embeddable":true,"href":"https:\/\/antiquariat-steinbach.com\/rarebooks\/wp-json\/wp\/v2\/product_tag?post=24233"}],"curies":[{"name":"wp","href":"https:\/\/api.w.org\/{rel}","templated":true}]}}