{"id":2423,"date":"2026-03-12T00:06:12","date_gmt":"2026-03-11T23:06:12","guid":{"rendered":"http:\/\/antiquariat-steinbach.com\/rarebooks\/produkt\/lelement-erotique-dans-la-caricature\/"},"modified":"2026-03-12T00:06:12","modified_gmt":"2026-03-11T23:06:12","slug":"erotique-fuchs-eduard-lelement-erotique-dans-la-caricature-2","status":"publish","type":"product","link":"https:\/\/antiquariat-steinbach.com\/rarebooks\/produkt\/erotique-fuchs-eduard-lelement-erotique-dans-la-caricature-2\/","title":{"rendered":"Erotique &#8211;   Fuchs, Eduard: &#8211;  L&#8217;\u00e9l\u00e9ment \u00e9rotique dans la caricature."},"content":{"rendered":"<p>Wien, Stern 1906.<\/p>\n<p>29,5 : 22 cm. VI, 259 pages with 223 illustrations and 33 partly coloured plates. Original-cloth with title-label on front and spine.<\/p>\n<p>60,00 EUR<\/p>\n","protected":false},"excerpt":{"rendered":"<p>Privatly printed.<\/p>\n","protected":false},"featured_media":0,"template":"","meta":[],"product_brand":[],"product_cat":[142,143,123,240,914],"product_tag":[],"class_list":{"0":"post-2423","1":"product","2":"type-product","3":"status-publish","5":"product_cat-erotika","6":"product_cat-francais","7":"product_cat-karikatur","8":"product_cat-sittengeschichte","9":"product_cat-zvab","11":"first","12":"instock","13":"purchasable","14":"product-type-simple"},"_links":{"self":[{"href":"https:\/\/antiquariat-steinbach.com\/rarebooks\/wp-json\/wp\/v2\/product\/2423","targetHints":{"allow":["GET"]}}],"collection":[{"href":"https:\/\/antiquariat-steinbach.com\/rarebooks\/wp-json\/wp\/v2\/product"}],"about":[{"href":"https:\/\/antiquariat-steinbach.com\/rarebooks\/wp-json\/wp\/v2\/types\/product"}],"version-history":[{"count":3,"href":"https:\/\/antiquariat-steinbach.com\/rarebooks\/wp-json\/wp\/v2\/product\/2423\/revisions"}],"predecessor-version":[{"id":19246,"href":"https:\/\/antiquariat-steinbach.com\/rarebooks\/wp-json\/wp\/v2\/product\/2423\/revisions\/19246"}],"wp:attachment":[{"href":"https:\/\/antiquariat-steinbach.com\/rarebooks\/wp-json\/wp\/v2\/media?parent=2423"}],"wp:term":[{"taxonomy":"product_brand","embeddable":true,"href":"https:\/\/antiquariat-steinbach.com\/rarebooks\/wp-json\/wp\/v2\/product_brand?post=2423"},{"taxonomy":"product_cat","embeddable":true,"href":"https:\/\/antiquariat-steinbach.com\/rarebooks\/wp-json\/wp\/v2\/product_cat?post=2423"},{"taxonomy":"product_tag","embeddable":true,"href":"https:\/\/antiquariat-steinbach.com\/rarebooks\/wp-json\/wp\/v2\/product_tag?post=2423"}],"curies":[{"name":"wp","href":"https:\/\/api.w.org\/{rel}","templated":true}]}}