{"id":24173,"date":"2026-03-12T00:06:34","date_gmt":"2026-03-11T23:06:34","guid":{"rendered":"https:\/\/antiquariat-steinbach.com\/rarebooks\/produkt\/film-wessem-constant-van-de-komische-film\/"},"modified":"2026-03-12T00:06:34","modified_gmt":"2026-03-11T23:06:34","slug":"film-wessem-constant-van-de-komische-film","status":"publish","type":"product","link":"https:\/\/antiquariat-steinbach.com\/rarebooks\/produkt\/film-wessem-constant-van-de-komische-film\/","title":{"rendered":"Film &#8211;   Wessem, Constant van: &#8211;  De komische film."},"content":{"rendered":"<p>Rotterdam, Brusse 1931.<\/p>\n<p>22 : 17,5 cm. 56 Seiten mit vielen Abbildungen. Pappband.<\/p>\n<p>40,00 EUR<\/p>\n","protected":false},"excerpt":{"rendered":"<p>Fr\u00fche holl\u00e4ndische Abhandlung \u00fcber den &#8222;Komischen Film&#8220;. Mit Abbildungen aus  Filmen von Chaplin, Laurel und Hardy, F. Lloyd u.a. &#8211; Ohne die Einband-Fotomontage.<\/p>\n","protected":false},"featured_media":24175,"template":"","meta":[],"product_brand":[],"product_cat":[197,123,914],"product_tag":[],"class_list":{"0":"post-24173","1":"product","2":"type-product","3":"status-publish","4":"has-post-thumbnail","6":"product_cat-film","7":"product_cat-karikatur","8":"product_cat-zvab","10":"first","11":"instock","12":"purchasable","13":"product-type-simple"},"_links":{"self":[{"href":"https:\/\/antiquariat-steinbach.com\/rarebooks\/wp-json\/wp\/v2\/product\/24173","targetHints":{"allow":["GET"]}}],"collection":[{"href":"https:\/\/antiquariat-steinbach.com\/rarebooks\/wp-json\/wp\/v2\/product"}],"about":[{"href":"https:\/\/antiquariat-steinbach.com\/rarebooks\/wp-json\/wp\/v2\/types\/product"}],"version-history":[{"count":2,"href":"https:\/\/antiquariat-steinbach.com\/rarebooks\/wp-json\/wp\/v2\/product\/24173\/revisions"}],"predecessor-version":[{"id":28731,"href":"https:\/\/antiquariat-steinbach.com\/rarebooks\/wp-json\/wp\/v2\/product\/24173\/revisions\/28731"}],"wp:featuredmedia":[{"embeddable":true,"href":"https:\/\/antiquariat-steinbach.com\/rarebooks\/wp-json\/wp\/v2\/media\/24175"}],"wp:attachment":[{"href":"https:\/\/antiquariat-steinbach.com\/rarebooks\/wp-json\/wp\/v2\/media?parent=24173"}],"wp:term":[{"taxonomy":"product_brand","embeddable":true,"href":"https:\/\/antiquariat-steinbach.com\/rarebooks\/wp-json\/wp\/v2\/product_brand?post=24173"},{"taxonomy":"product_cat","embeddable":true,"href":"https:\/\/antiquariat-steinbach.com\/rarebooks\/wp-json\/wp\/v2\/product_cat?post=24173"},{"taxonomy":"product_tag","embeddable":true,"href":"https:\/\/antiquariat-steinbach.com\/rarebooks\/wp-json\/wp\/v2\/product_tag?post=24173"}],"curies":[{"name":"wp","href":"https:\/\/api.w.org\/{rel}","templated":true}]}}