{"id":24131,"date":"2026-03-12T00:06:12","date_gmt":"2026-03-11T23:06:12","guid":{"rendered":"https:\/\/antiquariat-steinbach.com\/rarebooks\/produkt\/erprobte-kochrezepte\/"},"modified":"2026-03-12T00:06:14","modified_gmt":"2026-03-11T23:06:14","slug":"erprobte-kochrezepte","status":"publish","type":"product","link":"https:\/\/antiquariat-steinbach.com\/rarebooks\/produkt\/erprobte-kochrezepte\/","title":{"rendered":"Erprobte Kochrezepte. &#8211;"},"content":{"rendered":"<p>Berlin, Maggi-Gesellschaft, um 1930.<\/p>\n<p>18,5 : 13 cm. 127 Seiten. Farbig illustrierter Original Halbleinenband.<\/p>\n<p>28,00 EUR<\/p>\n","protected":false},"excerpt":{"rendered":"<p>Enth\u00e4lt Rezepte f\u00fcr Suppen, Eintopfgerichte, Fische, So\u00dfen, Fleischspeisen, Gem\u00fcse, Eierspeisen, Salate, Mehl- und S\u00fc\u00dfspeisen, Krankenkost, Verschiedenes.<\/p>\n","protected":false},"featured_media":24133,"template":"","meta":[],"product_brand":[],"product_cat":[58,112,914],"product_tag":[],"class_list":{"0":"post-24131","1":"product","2":"type-product","3":"status-publish","4":"has-post-thumbnail","6":"product_cat-gastronomie","7":"product_cat-kochbuecher","8":"product_cat-zvab","10":"first","11":"instock","12":"purchasable","13":"product-type-simple"},"_links":{"self":[{"href":"https:\/\/antiquariat-steinbach.com\/rarebooks\/wp-json\/wp\/v2\/product\/24131","targetHints":{"allow":["GET"]}}],"collection":[{"href":"https:\/\/antiquariat-steinbach.com\/rarebooks\/wp-json\/wp\/v2\/product"}],"about":[{"href":"https:\/\/antiquariat-steinbach.com\/rarebooks\/wp-json\/wp\/v2\/types\/product"}],"version-history":[{"count":1,"href":"https:\/\/antiquariat-steinbach.com\/rarebooks\/wp-json\/wp\/v2\/product\/24131\/revisions"}],"predecessor-version":[{"id":24132,"href":"https:\/\/antiquariat-steinbach.com\/rarebooks\/wp-json\/wp\/v2\/product\/24131\/revisions\/24132"}],"wp:featuredmedia":[{"embeddable":true,"href":"https:\/\/antiquariat-steinbach.com\/rarebooks\/wp-json\/wp\/v2\/media\/24133"}],"wp:attachment":[{"href":"https:\/\/antiquariat-steinbach.com\/rarebooks\/wp-json\/wp\/v2\/media?parent=24131"}],"wp:term":[{"taxonomy":"product_brand","embeddable":true,"href":"https:\/\/antiquariat-steinbach.com\/rarebooks\/wp-json\/wp\/v2\/product_brand?post=24131"},{"taxonomy":"product_cat","embeddable":true,"href":"https:\/\/antiquariat-steinbach.com\/rarebooks\/wp-json\/wp\/v2\/product_cat?post=24131"},{"taxonomy":"product_tag","embeddable":true,"href":"https:\/\/antiquariat-steinbach.com\/rarebooks\/wp-json\/wp\/v2\/product_tag?post=24131"}],"curies":[{"name":"wp","href":"https:\/\/api.w.org\/{rel}","templated":true}]}}