{"id":2411,"date":"2026-03-12T00:06:10","date_gmt":"2026-03-11T23:06:10","guid":{"rendered":"http:\/\/antiquariat-steinbach.com\/rarebooks\/produkt\/die-geschichte-der-justine-oder-die-nachteile-der-tugend\/"},"modified":"2026-03-12T00:06:11","modified_gmt":"2026-03-11T23:06:11","slug":"erotika-sade-marquis-de-die-geschichte-der-justine-oder-die-nachteile-der-tugend","status":"publish","type":"product","link":"https:\/\/antiquariat-steinbach.com\/rarebooks\/produkt\/erotika-sade-marquis-de-die-geschichte-der-justine-oder-die-nachteile-der-tugend\/","title":{"rendered":"Erotika &#8211;   Sade, Marquis de. &#8211;  Die Geschichte der Justine oder Die Nachteile der Tugend."},"content":{"rendered":"<p>O.O. Privatdruck, 1906.<\/p>\n<p>Band 2 (von 2) 24,5 : 17 cm. 2 Blatt, 419 Seiten. Weinroter, flexibler Original-Leder-Band.<\/p>\n<p>300,00 EUR<\/p>\n","protected":false},"excerpt":{"rendered":"<p>Erste deutsche Ausgabe. Eines von 550 in der Maschine numerierten Exemplaren mit der ausdr\u00fccklichen Verpflichtung gegen\u00fcber den Subskribenten, niemals einen Nachdruck zu veranstalten. Titel in Rot und Schwarz gedruckt. Der Name des \u00dcbersetzers ist ein Pseudonym f\u00fcr Richard Fiedler. &#8222;Heute geh\u00f6rt dieser Band zu den gro\u00dfen literarischen Seltenheiten&#8220; (Stern-Szana 105) bemerkte dies schon vor \u00fcber 100 Jahren. &#8211; Unbeschnitten. &#8211; Hayn-Got. IX, 518.  Bereits der Druck dieses Werkes gestaltete sich schwierig, es mu\u00dfte in verschiedenen Druckereien gedruckt werden. Hieraus resultiert auch das unterschiedliche Druckbild. Nach Erscheinen hatte das Werk eine wahre Odyssee durch Europa zu meistern, immer auf der Flucht vor den Pornographiej\u00e4gern. Sehr viele Exemplare haben das wohl nicht \u00fcberlebt. Die dt. Erstausgabe von Justine und Juliette ungleich seltener als etwa die &#8222;120 Tage von Sodom&#8220;. &#8211; Schnitt un Titelblatt etws stockfleckig.<\/p>\n","protected":false},"featured_media":24118,"template":"","meta":[],"product_brand":[],"product_cat":[152,59,496,240,914],"product_tag":[],"class_list":{"0":"post-2411","1":"product","2":"type-product","3":"status-publish","4":"has-post-thumbnail","6":"product_cat-erotica","7":"product_cat-kulturgeschichte","8":"product_cat-sexualwissensch","9":"product_cat-sittengeschichte","10":"product_cat-zvab","12":"first","13":"instock","14":"purchasable","15":"product-type-simple"},"_links":{"self":[{"href":"https:\/\/antiquariat-steinbach.com\/rarebooks\/wp-json\/wp\/v2\/product\/2411","targetHints":{"allow":["GET"]}}],"collection":[{"href":"https:\/\/antiquariat-steinbach.com\/rarebooks\/wp-json\/wp\/v2\/product"}],"about":[{"href":"https:\/\/antiquariat-steinbach.com\/rarebooks\/wp-json\/wp\/v2\/types\/product"}],"version-history":[{"count":4,"href":"https:\/\/antiquariat-steinbach.com\/rarebooks\/wp-json\/wp\/v2\/product\/2411\/revisions"}],"predecessor-version":[{"id":24117,"href":"https:\/\/antiquariat-steinbach.com\/rarebooks\/wp-json\/wp\/v2\/product\/2411\/revisions\/24117"}],"wp:featuredmedia":[{"embeddable":true,"href":"https:\/\/antiquariat-steinbach.com\/rarebooks\/wp-json\/wp\/v2\/media\/24118"}],"wp:attachment":[{"href":"https:\/\/antiquariat-steinbach.com\/rarebooks\/wp-json\/wp\/v2\/media?parent=2411"}],"wp:term":[{"taxonomy":"product_brand","embeddable":true,"href":"https:\/\/antiquariat-steinbach.com\/rarebooks\/wp-json\/wp\/v2\/product_brand?post=2411"},{"taxonomy":"product_cat","embeddable":true,"href":"https:\/\/antiquariat-steinbach.com\/rarebooks\/wp-json\/wp\/v2\/product_cat?post=2411"},{"taxonomy":"product_tag","embeddable":true,"href":"https:\/\/antiquariat-steinbach.com\/rarebooks\/wp-json\/wp\/v2\/product_tag?post=2411"}],"curies":[{"name":"wp","href":"https:\/\/api.w.org\/{rel}","templated":true}]}}