{"id":24096,"date":"2026-03-12T00:04:59","date_gmt":"2026-03-11T23:04:59","guid":{"rendered":"https:\/\/antiquariat-steinbach.com\/rarebooks\/produkt\/eleonora-maria-rosalia-freiwillig-aufgsprungener-granatapfel-des-christlichen-samariters-oder-die-aus-wohlwollen-zum-naechsten-eroeffneten-geheimnisse-vieler-vortrefflicher-bewaehrter-arzneien\/"},"modified":"2026-03-12T00:05:01","modified_gmt":"2026-03-11T23:05:01","slug":"eleonora-maria-rosalia-freiwillig-aufgsprungener-granatapfel-des-christlichen-samariters-oder-die-aus-wohlwollen-zum-naechsten-eroeffneten-geheimnisse-vieler-vortrefflicher-bewaehrter-arzneien","status":"publish","type":"product","link":"https:\/\/antiquariat-steinbach.com\/rarebooks\/produkt\/eleonora-maria-rosalia-freiwillig-aufgsprungener-granatapfel-des-christlichen-samariters-oder-die-aus-wohlwollen-zum-naechsten-eroeffneten-geheimnisse-vieler-vortrefflicher-bewaehrter-arzneien\/","title":{"rendered":"Eleonora Maria Rosalia: &#8211;  Freiwillig aufgsprungener Granatapfel des Christlichen Samariters, oder die aus Wohlwollen zum N\u00e4chsten er\u00f6ffneten Geheimnisse vieler vortrefflicher bew\u00e4hrter Arzneien&#8230;herausgegeben zum Trost, Nutz und H\u00fclfe zun\u00e4chst aller rathlosen armen Kranken und zum Preise desen, der uns die Arzneien seiner Liebe reicht."},"content":{"rendered":"<p>Stuttgart, Scheible 1863.<\/p>\n<p>Zweiter Theil (von 2) 14 : 9 cm. 480 Seiten Pappband der Zeit.<\/p>\n<p>50,00 EUR<\/p>\n","protected":false},"excerpt":{"rendered":"<p>Volkst\u00fcmlicher Hausschatz der Medizin mit Rezepten f\u00fcr Branntwein, Essig, Zucker, Augen-Salben u.a. Das ber\u00fchmte Buch erschien erstmals 1695. Im Stile und im gleichen Format der von J. Scheible herausgegebenen Reihe: Das Kloster. &#8211; Vgl. Ferguson I, 235; Duveen 102.<\/p>\n","protected":false},"featured_media":24098,"template":"","meta":[],"product_brand":[],"product_cat":[247,179,290,914],"product_tag":[],"class_list":{"0":"post-24096","1":"product","2":"type-product","3":"status-publish","4":"has-post-thumbnail","6":"product_cat-hausvaeterlit","7":"product_cat-medizin","8":"product_cat-theolgie","9":"product_cat-zvab","11":"first","12":"instock","13":"purchasable","14":"product-type-simple"},"_links":{"self":[{"href":"https:\/\/antiquariat-steinbach.com\/rarebooks\/wp-json\/wp\/v2\/product\/24096","targetHints":{"allow":["GET"]}}],"collection":[{"href":"https:\/\/antiquariat-steinbach.com\/rarebooks\/wp-json\/wp\/v2\/product"}],"about":[{"href":"https:\/\/antiquariat-steinbach.com\/rarebooks\/wp-json\/wp\/v2\/types\/product"}],"version-history":[{"count":1,"href":"https:\/\/antiquariat-steinbach.com\/rarebooks\/wp-json\/wp\/v2\/product\/24096\/revisions"}],"predecessor-version":[{"id":24097,"href":"https:\/\/antiquariat-steinbach.com\/rarebooks\/wp-json\/wp\/v2\/product\/24096\/revisions\/24097"}],"wp:featuredmedia":[{"embeddable":true,"href":"https:\/\/antiquariat-steinbach.com\/rarebooks\/wp-json\/wp\/v2\/media\/24098"}],"wp:attachment":[{"href":"https:\/\/antiquariat-steinbach.com\/rarebooks\/wp-json\/wp\/v2\/media?parent=24096"}],"wp:term":[{"taxonomy":"product_brand","embeddable":true,"href":"https:\/\/antiquariat-steinbach.com\/rarebooks\/wp-json\/wp\/v2\/product_brand?post=24096"},{"taxonomy":"product_cat","embeddable":true,"href":"https:\/\/antiquariat-steinbach.com\/rarebooks\/wp-json\/wp\/v2\/product_cat?post=24096"},{"taxonomy":"product_tag","embeddable":true,"href":"https:\/\/antiquariat-steinbach.com\/rarebooks\/wp-json\/wp\/v2\/product_tag?post=24096"}],"curies":[{"name":"wp","href":"https:\/\/api.w.org\/{rel}","templated":true}]}}