{"id":24090,"date":"2026-03-12T00:04:59","date_gmt":"2026-03-11T23:04:59","guid":{"rendered":"https:\/\/antiquariat-steinbach.com\/rarebooks\/produkt\/eisenwerk-wuelfel-groesstes-werk-in-europa-fuer-die-ausschliessliche-fabrikation-von-tranmissionen\/"},"modified":"2026-03-12T00:05:00","modified_gmt":"2026-03-11T23:05:00","slug":"eisenwerk-wuelfel-groesstes-werk-in-europa-fuer-die-ausschliessliche-fabrikation-von-tranmissionen","status":"publish","type":"product","link":"https:\/\/antiquariat-steinbach.com\/rarebooks\/produkt\/eisenwerk-wuelfel-groesstes-werk-in-europa-fuer-die-ausschliessliche-fabrikation-von-tranmissionen\/","title":{"rendered":"Eisenwerk W\u00fclfel. Gr\u00f6sstes Werk in Europa f\u00fcr die ausschliessliche Fabrikation von Tranmissionen."},"content":{"rendered":"<p>Hannover, W\u00fclfel, ca. 1910.<\/p>\n<p>22 : 17 cm. XVI, 292 Seiten mit sehr vielen Abbildungen, teils montierte, farbige Tafeln. Original Leinenband.<\/p>\n<p>30,00 EUR<\/p>\n","protected":false},"excerpt":{"rendered":"<p>Hannover, W\u00fclfel, ca. 1910. 22 : 17 cm. XVI, 292 Seiten mit sehr vielen Abbildungen, teils montierte, farbige Tafeln. Original&hellip;<\/p>\n","protected":false},"featured_media":24092,"template":"","meta":[],"product_brand":[],"product_cat":[74,174,331,77,914],"product_tag":[],"class_list":{"0":"post-24090","1":"product","2":"type-product","3":"status-publish","4":"has-post-thumbnail","6":"product_cat-deutschland","7":"product_cat-firmenkataloge","8":"product_cat-maschinenbau","9":"product_cat-technik","10":"product_cat-zvab","12":"first","13":"instock","14":"purchasable","15":"product-type-simple"},"_links":{"self":[{"href":"https:\/\/antiquariat-steinbach.com\/rarebooks\/wp-json\/wp\/v2\/product\/24090","targetHints":{"allow":["GET"]}}],"collection":[{"href":"https:\/\/antiquariat-steinbach.com\/rarebooks\/wp-json\/wp\/v2\/product"}],"about":[{"href":"https:\/\/antiquariat-steinbach.com\/rarebooks\/wp-json\/wp\/v2\/types\/product"}],"version-history":[{"count":1,"href":"https:\/\/antiquariat-steinbach.com\/rarebooks\/wp-json\/wp\/v2\/product\/24090\/revisions"}],"predecessor-version":[{"id":24091,"href":"https:\/\/antiquariat-steinbach.com\/rarebooks\/wp-json\/wp\/v2\/product\/24090\/revisions\/24091"}],"wp:featuredmedia":[{"embeddable":true,"href":"https:\/\/antiquariat-steinbach.com\/rarebooks\/wp-json\/wp\/v2\/media\/24092"}],"wp:attachment":[{"href":"https:\/\/antiquariat-steinbach.com\/rarebooks\/wp-json\/wp\/v2\/media?parent=24090"}],"wp:term":[{"taxonomy":"product_brand","embeddable":true,"href":"https:\/\/antiquariat-steinbach.com\/rarebooks\/wp-json\/wp\/v2\/product_brand?post=24090"},{"taxonomy":"product_cat","embeddable":true,"href":"https:\/\/antiquariat-steinbach.com\/rarebooks\/wp-json\/wp\/v2\/product_cat?post=24090"},{"taxonomy":"product_tag","embeddable":true,"href":"https:\/\/antiquariat-steinbach.com\/rarebooks\/wp-json\/wp\/v2\/product_tag?post=24090"}],"curies":[{"name":"wp","href":"https:\/\/api.w.org\/{rel}","templated":true}]}}