{"id":24080,"date":"2026-03-12T00:04:53","date_gmt":"2026-03-11T23:04:53","guid":{"rendered":"https:\/\/antiquariat-steinbach.com\/rarebooks\/produkt\/egger-hanna-das-handwerk-des-buchbinders-in-vergangenheit-und-gegenwart\/"},"modified":"2026-03-12T00:04:53","modified_gmt":"2026-03-11T23:04:53","slug":"egger-hanna-das-handwerk-des-buchbinders-in-vergangenheit-und-gegenwart","status":"publish","type":"product","link":"https:\/\/antiquariat-steinbach.com\/rarebooks\/produkt\/egger-hanna-das-handwerk-des-buchbinders-in-vergangenheit-und-gegenwart\/","title":{"rendered":"Egger, Hanna. &#8211;  Das Handwerk des Buchbinders in Vergangenheit und Gegenwart."},"content":{"rendered":"<p>Wien, Museum f\u00fcr angewandte Kunst, 1980.<\/p>\n<p>23 : 16 cm. 103 Seiten mit vielen, meist farbigen Abbildungen. Illusstrierter Original-Karton.<\/p>\n<p>30,00 EUR<\/p>\n","protected":false},"excerpt":{"rendered":"<p>Beschreibt 259 Einb\u00e4nde von der Inkunabel bis zum modernen Buch. Mit Verzeichnis und Erkl\u00e4rung der wichtigsten Fachausdr\u00fccke. &#8211; Veranstaltet anl\u00e4\u00dflich des Kongresses des World Crafts Council in Wien.<\/p>\n","protected":false},"featured_media":24082,"template":"","meta":[],"product_brand":[],"product_cat":[313,95,259,914],"product_tag":[],"class_list":{"0":"post-24080","1":"product","2":"type-product","3":"status-publish","4":"has-post-thumbnail","6":"product_cat-buchbinderei","7":"product_cat-einbaende","8":"product_cat-handwerk","9":"product_cat-zvab","11":"first","12":"instock","13":"purchasable","14":"product-type-simple"},"_links":{"self":[{"href":"https:\/\/antiquariat-steinbach.com\/rarebooks\/wp-json\/wp\/v2\/product\/24080","targetHints":{"allow":["GET"]}}],"collection":[{"href":"https:\/\/antiquariat-steinbach.com\/rarebooks\/wp-json\/wp\/v2\/product"}],"about":[{"href":"https:\/\/antiquariat-steinbach.com\/rarebooks\/wp-json\/wp\/v2\/types\/product"}],"version-history":[{"count":1,"href":"https:\/\/antiquariat-steinbach.com\/rarebooks\/wp-json\/wp\/v2\/product\/24080\/revisions"}],"predecessor-version":[{"id":24081,"href":"https:\/\/antiquariat-steinbach.com\/rarebooks\/wp-json\/wp\/v2\/product\/24080\/revisions\/24081"}],"wp:featuredmedia":[{"embeddable":true,"href":"https:\/\/antiquariat-steinbach.com\/rarebooks\/wp-json\/wp\/v2\/media\/24082"}],"wp:attachment":[{"href":"https:\/\/antiquariat-steinbach.com\/rarebooks\/wp-json\/wp\/v2\/media?parent=24080"}],"wp:term":[{"taxonomy":"product_brand","embeddable":true,"href":"https:\/\/antiquariat-steinbach.com\/rarebooks\/wp-json\/wp\/v2\/product_brand?post=24080"},{"taxonomy":"product_cat","embeddable":true,"href":"https:\/\/antiquariat-steinbach.com\/rarebooks\/wp-json\/wp\/v2\/product_cat?post=24080"},{"taxonomy":"product_tag","embeddable":true,"href":"https:\/\/antiquariat-steinbach.com\/rarebooks\/wp-json\/wp\/v2\/product_tag?post=24080"}],"curies":[{"name":"wp","href":"https:\/\/api.w.org\/{rel}","templated":true}]}}