{"id":24046,"date":"2026-03-12T00:04:37","date_gmt":"2026-03-11T23:04:37","guid":{"rendered":"https:\/\/antiquariat-steinbach.com\/rarebooks\/produkt\/dewald-anna-pruefungsbuch-privat-lehranstalt-henriette-altmann\/"},"modified":"2026-03-12T00:04:38","modified_gmt":"2026-03-11T23:04:38","slug":"dewald-anna-pruefungsbuch-privat-lehranstalt-henriette-altmann","status":"publish","type":"product","link":"https:\/\/antiquariat-steinbach.com\/rarebooks\/produkt\/dewald-anna-pruefungsbuch-privat-lehranstalt-henriette-altmann\/","title":{"rendered":"Dewald, Anna. &#8211;  Pr\u00fcfungsbuch. Privat Lehranstalt Henriette Altmann."},"content":{"rendered":"<p>Wien, Altmann, 1898.<\/p>\n<p>28 : 22 cm. 24 Blatt mit Schnittmustern. Original Leinenband.<\/p>\n<p>70,00 EUR<\/p>\n","protected":false},"excerpt":{"rendered":"<p>Mit Schnittmuster wie &#8218;Normaler Schnitt&#8216; , &#8218;Kurzverschobener Schnitt&#8216;, &#8218; Englischer &#8218;Schnitt&#8216; , &#8218;Schnitt mit dreiteiligen R\u00fccken&#8216; etc. Auf der letzten Seite &#8218;Vorz\u00fcglich! Wien am 5 J\u00e4nner 1898. Henriette Altmann&#8216;. &#8211; Beiliegt: Ma\u00dfbach, Mass-Tabelle und Lineal.<\/p>\n","protected":false},"featured_media":0,"template":"","meta":[],"product_brand":[],"product_cat":[121,266,51,914],"product_tag":[],"class_list":{"0":"post-24046","1":"product","2":"type-product","3":"status-publish","5":"product_cat-mode","6":"product_cat-schneiderei","7":"product_cat-textil","8":"product_cat-zvab","10":"first","11":"instock","12":"purchasable","13":"product-type-simple"},"_links":{"self":[{"href":"https:\/\/antiquariat-steinbach.com\/rarebooks\/wp-json\/wp\/v2\/product\/24046","targetHints":{"allow":["GET"]}}],"collection":[{"href":"https:\/\/antiquariat-steinbach.com\/rarebooks\/wp-json\/wp\/v2\/product"}],"about":[{"href":"https:\/\/antiquariat-steinbach.com\/rarebooks\/wp-json\/wp\/v2\/types\/product"}],"version-history":[{"count":1,"href":"https:\/\/antiquariat-steinbach.com\/rarebooks\/wp-json\/wp\/v2\/product\/24046\/revisions"}],"predecessor-version":[{"id":24047,"href":"https:\/\/antiquariat-steinbach.com\/rarebooks\/wp-json\/wp\/v2\/product\/24046\/revisions\/24047"}],"wp:attachment":[{"href":"https:\/\/antiquariat-steinbach.com\/rarebooks\/wp-json\/wp\/v2\/media?parent=24046"}],"wp:term":[{"taxonomy":"product_brand","embeddable":true,"href":"https:\/\/antiquariat-steinbach.com\/rarebooks\/wp-json\/wp\/v2\/product_brand?post=24046"},{"taxonomy":"product_cat","embeddable":true,"href":"https:\/\/antiquariat-steinbach.com\/rarebooks\/wp-json\/wp\/v2\/product_cat?post=24046"},{"taxonomy":"product_tag","embeddable":true,"href":"https:\/\/antiquariat-steinbach.com\/rarebooks\/wp-json\/wp\/v2\/product_tag?post=24046"}],"curies":[{"name":"wp","href":"https:\/\/api.w.org\/{rel}","templated":true}]}}