{"id":2401,"date":"2026-03-12T00:06:10","date_gmt":"2026-03-11T23:06:10","guid":{"rendered":"http:\/\/antiquariat-steinbach.com\/rarebooks\/produkt\/futilitates-beitraege-zur-volkskundlichen-erotik\/"},"modified":"2026-03-12T00:06:10","modified_gmt":"2026-03-11T23:06:10","slug":"erotica-bluemml-e-k-ab-band-3-herausgegeben-von-josef-polsterer-futilitates-beitraege-zur-volkskundlichen-erotik","status":"publish","type":"product","link":"https:\/\/antiquariat-steinbach.com\/rarebooks\/produkt\/erotica-bluemml-e-k-ab-band-3-herausgegeben-von-josef-polsterer-futilitates-beitraege-zur-volkskundlichen-erotik\/","title":{"rendered":"Erotica &#8211;   Bl\u00fcmml, E.K. ab Band 3 herausgegeben von Josef Polsterer. &#8211;  Futilitates. Beitr\u00e4ge zur volkskundlichen Erotik."},"content":{"rendered":"<p>Wien, R\u00f6tting, 1908.<\/p>\n<p>4 B\u00e4nde. 21 : 13,5 cm. Illustrierter Doppeltitel, 1 Blatt, 179 Seiten, 1 Blatt; illustgrierter Doppeltitel, 1 Blatt, 180 Seiten, 1 Blatt; illsutrierter Doppeltitel, 1 Blatt,  176 Seiten, 1 Blatt; illustrierter Doppeltitel, 1 Blatt, 204 Seiten, 1Blatt.  Typographisch bedruckter Original-Karton.<\/p>\n<p>315,00 EUR<\/p>\n","protected":false},"excerpt":{"rendered":"<p>Jeweils eines von 550 Exemplaren dieses Privatdrucks &#8217;nur f\u00fcr Gelehrte&#8216; und nicht f\u00fcr den Buchhandel. Dieses Examplar ohne Nummer. &#8218;Band 1: Schamperlieder. Deutsche Volkslieder des 16.-19. Jahrhunderts mit Singweisen (mit Noten). &#8211; Band 2: Schw\u00e4nke und Bauernerz\u00e4hlungen aus Nieder-\u00d6sterreich, &#8211; Band 3: Aus den Liederhandschriften des Studenten Clodius 1669 und des Fr\u00e4uleins von Crailsheim 1747-49. Mit Singweisen. &#8211; Band 4: Militaria. Eine Sammlung der typischen handschriftliche  Literatur des Deutsch-\u00d6sterreichischen Soldatenstandes.<\/p>\n","protected":false},"featured_media":0,"template":"","meta":[],"product_brand":[],"product_cat":[71,74,152,59,32,264,144,914],"product_tag":[],"class_list":{"0":"post-2401","1":"product","2":"type-product","3":"status-publish","5":"product_cat-austriaca","6":"product_cat-deutschland","7":"product_cat-erotica","8":"product_cat-kulturgeschichte","9":"product_cat-literatur","10":"product_cat-militaria","11":"product_cat-musik","12":"product_cat-zvab","14":"first","15":"instock","16":"purchasable","17":"product-type-simple"},"_links":{"self":[{"href":"https:\/\/antiquariat-steinbach.com\/rarebooks\/wp-json\/wp\/v2\/product\/2401","targetHints":{"allow":["GET"]}}],"collection":[{"href":"https:\/\/antiquariat-steinbach.com\/rarebooks\/wp-json\/wp\/v2\/product"}],"about":[{"href":"https:\/\/antiquariat-steinbach.com\/rarebooks\/wp-json\/wp\/v2\/types\/product"}],"version-history":[{"count":3,"href":"https:\/\/antiquariat-steinbach.com\/rarebooks\/wp-json\/wp\/v2\/product\/2401\/revisions"}],"predecessor-version":[{"id":19235,"href":"https:\/\/antiquariat-steinbach.com\/rarebooks\/wp-json\/wp\/v2\/product\/2401\/revisions\/19235"}],"wp:attachment":[{"href":"https:\/\/antiquariat-steinbach.com\/rarebooks\/wp-json\/wp\/v2\/media?parent=2401"}],"wp:term":[{"taxonomy":"product_brand","embeddable":true,"href":"https:\/\/antiquariat-steinbach.com\/rarebooks\/wp-json\/wp\/v2\/product_brand?post=2401"},{"taxonomy":"product_cat","embeddable":true,"href":"https:\/\/antiquariat-steinbach.com\/rarebooks\/wp-json\/wp\/v2\/product_cat?post=2401"},{"taxonomy":"product_tag","embeddable":true,"href":"https:\/\/antiquariat-steinbach.com\/rarebooks\/wp-json\/wp\/v2\/product_tag?post=2401"}],"curies":[{"name":"wp","href":"https:\/\/api.w.org\/{rel}","templated":true}]}}