{"id":2393,"date":"2026-03-12T00:06:08","date_gmt":"2026-03-11T23:06:08","guid":{"rendered":"http:\/\/antiquariat-steinbach.com\/rarebooks\/produkt\/ewige-sinnreime-des-cherubinischen-wandersmann\/"},"modified":"2026-03-12T00:06:08","modified_gmt":"2026-03-11T23:06:08","slug":"ernst-ludwig-presse-angelus-silesius-ewige-sinnreime-des-cherubinischen-wandersmann","status":"publish","type":"product","link":"https:\/\/antiquariat-steinbach.com\/rarebooks\/produkt\/ernst-ludwig-presse-angelus-silesius-ewige-sinnreime-des-cherubinischen-wandersmann\/","title":{"rendered":"Ernst-Ludwig-Presse &#8211;   Angelus Silesius: &#8211;  Ewige Sinnreime des Cherubinischen Wandersmann."},"content":{"rendered":"<p>(Darmstadt, Ernst-Ludwig-Presse f\u00fcr Tiedemann &#038; Uzielli 1922).<\/p>\n<p>25 : 16,5 cm. 30 Seiten, 1 Blatt Original-Halbpergamentband mit R\u00fcckentitel, Deckelvignette, Kopfgoldschnitt.<\/p>\n<p>45,00 EUR<\/p>\n","protected":false},"excerpt":{"rendered":"<p>In kleiner Auflage auf B\u00fctten in der Cicero Kleuckens-Antiqua gedruckt. &#8211; Vorsatz mit Widmung; Deckelbezugspapier etwas gewellt und verbla\u00dft. &#8211; Rodenberg 81; St\u00fcrz 49.<\/p>\n","protected":false},"featured_media":16599,"template":"","meta":[],"product_brand":[],"product_cat":[46,914],"product_tag":[],"class_list":{"0":"post-2393","1":"product","2":"type-product","3":"status-publish","4":"has-post-thumbnail","6":"product_cat-pressendrucke","7":"product_cat-zvab","9":"first","10":"instock","11":"purchasable","12":"product-type-simple"},"_links":{"self":[{"href":"https:\/\/antiquariat-steinbach.com\/rarebooks\/wp-json\/wp\/v2\/product\/2393","targetHints":{"allow":["GET"]}}],"collection":[{"href":"https:\/\/antiquariat-steinbach.com\/rarebooks\/wp-json\/wp\/v2\/product"}],"about":[{"href":"https:\/\/antiquariat-steinbach.com\/rarebooks\/wp-json\/wp\/v2\/types\/product"}],"version-history":[{"count":3,"href":"https:\/\/antiquariat-steinbach.com\/rarebooks\/wp-json\/wp\/v2\/product\/2393\/revisions"}],"predecessor-version":[{"id":19232,"href":"https:\/\/antiquariat-steinbach.com\/rarebooks\/wp-json\/wp\/v2\/product\/2393\/revisions\/19232"}],"wp:featuredmedia":[{"embeddable":true,"href":"https:\/\/antiquariat-steinbach.com\/rarebooks\/wp-json\/wp\/v2\/media\/16599"}],"wp:attachment":[{"href":"https:\/\/antiquariat-steinbach.com\/rarebooks\/wp-json\/wp\/v2\/media?parent=2393"}],"wp:term":[{"taxonomy":"product_brand","embeddable":true,"href":"https:\/\/antiquariat-steinbach.com\/rarebooks\/wp-json\/wp\/v2\/product_brand?post=2393"},{"taxonomy":"product_cat","embeddable":true,"href":"https:\/\/antiquariat-steinbach.com\/rarebooks\/wp-json\/wp\/v2\/product_cat?post=2393"},{"taxonomy":"product_tag","embeddable":true,"href":"https:\/\/antiquariat-steinbach.com\/rarebooks\/wp-json\/wp\/v2\/product_tag?post=2393"}],"curies":[{"name":"wp","href":"https:\/\/api.w.org\/{rel}","templated":true}]}}