{"id":2389,"date":"2026-03-12T00:06:08","date_gmt":"2026-03-11T23:06:08","guid":{"rendered":"http:\/\/antiquariat-steinbach.com\/rarebooks\/produkt\/das-buch-der-liebe\/"},"modified":"2026-03-12T00:06:08","modified_gmt":"2026-03-11T23:06:08","slug":"ernst-paul-herausgeber-das-buch-der-liebe","status":"publish","type":"product","link":"https:\/\/antiquariat-steinbach.com\/rarebooks\/produkt\/ernst-paul-herausgeber-das-buch-der-liebe\/","title":{"rendered":"Ernst, Paul (Herausgeber): &#8211;  Das Buch der Liebe."},"content":{"rendered":"<p>Leipzig und M\u00fcnchen, Georg M\u00fcller (1911).<\/p>\n<p>2 B\u00e4nde. 18 ; 11,5 cm. Original-Halblewderb\u00e4nde mit reicher R\u00fcckenvergoldung.<\/p>\n<p>50,00 EUR<\/p>\n","protected":false},"excerpt":{"rendered":"<p>Die deutschen Volksb\u00fccher, Band 1 und 2. &#8211; Kanten gering berieben.<\/p>\n","protected":false},"featured_media":14446,"template":"","meta":[],"product_brand":[],"product_cat":[219,32,103,914],"product_tag":[],"class_list":{"0":"post-2389","1":"product","2":"type-product","3":"status-publish","4":"has-post-thumbnail","6":"product_cat-insel-verlag","7":"product_cat-literatur","8":"product_cat-michael","9":"product_cat-zvab","11":"first","12":"instock","13":"purchasable","14":"product-type-simple"},"_links":{"self":[{"href":"https:\/\/antiquariat-steinbach.com\/rarebooks\/wp-json\/wp\/v2\/product\/2389","targetHints":{"allow":["GET"]}}],"collection":[{"href":"https:\/\/antiquariat-steinbach.com\/rarebooks\/wp-json\/wp\/v2\/product"}],"about":[{"href":"https:\/\/antiquariat-steinbach.com\/rarebooks\/wp-json\/wp\/v2\/types\/product"}],"version-history":[{"count":3,"href":"https:\/\/antiquariat-steinbach.com\/rarebooks\/wp-json\/wp\/v2\/product\/2389\/revisions"}],"predecessor-version":[{"id":19230,"href":"https:\/\/antiquariat-steinbach.com\/rarebooks\/wp-json\/wp\/v2\/product\/2389\/revisions\/19230"}],"wp:featuredmedia":[{"embeddable":true,"href":"https:\/\/antiquariat-steinbach.com\/rarebooks\/wp-json\/wp\/v2\/media\/14446"}],"wp:attachment":[{"href":"https:\/\/antiquariat-steinbach.com\/rarebooks\/wp-json\/wp\/v2\/media?parent=2389"}],"wp:term":[{"taxonomy":"product_brand","embeddable":true,"href":"https:\/\/antiquariat-steinbach.com\/rarebooks\/wp-json\/wp\/v2\/product_brand?post=2389"},{"taxonomy":"product_cat","embeddable":true,"href":"https:\/\/antiquariat-steinbach.com\/rarebooks\/wp-json\/wp\/v2\/product_cat?post=2389"},{"taxonomy":"product_tag","embeddable":true,"href":"https:\/\/antiquariat-steinbach.com\/rarebooks\/wp-json\/wp\/v2\/product_tag?post=2389"}],"curies":[{"name":"wp","href":"https:\/\/api.w.org\/{rel}","templated":true}]}}