{"id":23866,"date":"2026-03-12T00:00:07","date_gmt":"2026-03-11T23:00:07","guid":{"rendered":"https:\/\/antiquariat-steinbach.com\/rarebooks\/produkt\/aacademia-oesterreichische-academia-monatsschrift-des-oecv-und-des-oeahb\/"},"modified":"2026-03-12T00:00:09","modified_gmt":"2026-03-11T23:00:09","slug":"aacademia-oesterreichische-academia-monatsschrift-des-oecv-und-des-oeahb","status":"publish","type":"product","link":"https:\/\/antiquariat-steinbach.com\/rarebooks\/produkt\/aacademia-oesterreichische-academia-monatsschrift-des-oecv-und-des-oeahb\/","title":{"rendered":"AACADEMIA -\u00d6sterreichische Academia : Monatsschrift des OeCV und des OeAHB"},"content":{"rendered":"<p>Wien, \u00d6CV, 1960 &#8211; 1962<\/p>\n<p>4 Hefte der Reihe. 30 : 21 cm. Je 20 Seiten mit Illustrationen. Original-Umschl\u00e4ge<\/p>\n<p>25,00 EUR<\/p>\n","protected":false},"excerpt":{"rendered":"<p>Vorhanden: 12. Jahrgang Heft 11\/12: Heinrich Drimmerl, Niemand lebt vom Brot allein&#8230;Alpach, das europ\u00e4ische Gespr\u00e4ch. &#8211; 13. Jahrgang, Heft 2: Rolf Weibel, Die Hauptfragen der Kontraverstheologie, Alfred Klose, Mater et Magistra, Eine Mahnung zur Mitarbeit an der Ernaueerung der Gesellschaft. &#8211; 13. Jahrgang Heft 3: Julius Raab, &#8222;Hei\u00df umfehdet, wild umstritten&#8230;&#8220; Gedanken zun Thema Landesverteidigung. &#8211; 13. Jahrgang, Heft 4: Feichtelbauer, Begenung im Bereich der irdischen  Ordnung. Die evangelische Soziallehre hat sich er katholischen stark angen\u00e4hert. &#8211; 13. Jahrgang Heft 5: Streifz\u00fcge durch serbische Kl\u00f6ster; Blick nach dem Osten. &#8211; 13. Jahrgang Heft 6: Priestertum und Ausbildung in den orthodoxen Kirchen.<\/p>\n","protected":false},"featured_media":23867,"template":"","meta":[],"product_brand":[],"product_cat":[71,458,52,914],"product_tag":[],"class_list":{"0":"post-23866","1":"product","2":"type-product","3":"status-publish","4":"has-post-thumbnail","6":"product_cat-austriaca","7":"product_cat-studentica","8":"product_cat-zeitschriften","9":"product_cat-zvab","11":"first","12":"instock","13":"purchasable","14":"product-type-simple"},"_links":{"self":[{"href":"https:\/\/antiquariat-steinbach.com\/rarebooks\/wp-json\/wp\/v2\/product\/23866","targetHints":{"allow":["GET"]}}],"collection":[{"href":"https:\/\/antiquariat-steinbach.com\/rarebooks\/wp-json\/wp\/v2\/product"}],"about":[{"href":"https:\/\/antiquariat-steinbach.com\/rarebooks\/wp-json\/wp\/v2\/types\/product"}],"version-history":[{"count":0,"href":"https:\/\/antiquariat-steinbach.com\/rarebooks\/wp-json\/wp\/v2\/product\/23866\/revisions"}],"wp:featuredmedia":[{"embeddable":true,"href":"https:\/\/antiquariat-steinbach.com\/rarebooks\/wp-json\/wp\/v2\/media\/23867"}],"wp:attachment":[{"href":"https:\/\/antiquariat-steinbach.com\/rarebooks\/wp-json\/wp\/v2\/media?parent=23866"}],"wp:term":[{"taxonomy":"product_brand","embeddable":true,"href":"https:\/\/antiquariat-steinbach.com\/rarebooks\/wp-json\/wp\/v2\/product_brand?post=23866"},{"taxonomy":"product_cat","embeddable":true,"href":"https:\/\/antiquariat-steinbach.com\/rarebooks\/wp-json\/wp\/v2\/product_cat?post=23866"},{"taxonomy":"product_tag","embeddable":true,"href":"https:\/\/antiquariat-steinbach.com\/rarebooks\/wp-json\/wp\/v2\/product_tag?post=23866"}],"curies":[{"name":"wp","href":"https:\/\/api.w.org\/{rel}","templated":true}]}}