{"id":2381,"date":"2026-03-12T00:06:05","date_gmt":"2026-03-11T23:06:05","guid":{"rendered":"http:\/\/antiquariat-steinbach.com\/rarebooks\/produkt\/frottagen-collagen-zeichnungen-graphik-buecher\/"},"modified":"2026-03-12T00:06:07","modified_gmt":"2026-03-11T23:06:07","slug":"ernst-max-frottagen-collagen-zeichnungen-graphik-buecher","status":"publish","type":"product","link":"https:\/\/antiquariat-steinbach.com\/rarebooks\/produkt\/ernst-max-frottagen-collagen-zeichnungen-graphik-buecher\/","title":{"rendered":"Ernst, Max: &#8211;  Frottagen, Collagen, Zeichnungen, Graphik, B\u00fccher."},"content":{"rendered":"<p>Z\u00fcrich, Frankfurt, M\u00fcnchen, 1978.<\/p>\n<p>30 : 23 cm. 221 Seiten mit vielen teils farbigen Tafeln und Abbildungen. Original-Karton.<\/p>\n<p>20,00 EUR<\/p>\n","protected":false},"excerpt":{"rendered":"<p>Der Katalog der umfangreichen Retrospektive.<\/p>\n","protected":false},"featured_media":16598,"template":"","meta":[],"product_brand":[],"product_cat":[29,40,914],"product_tag":[],"class_list":{"0":"post-2381","1":"product","2":"type-product","3":"status-publish","4":"has-post-thumbnail","6":"product_cat-20-jahrhundert","7":"product_cat-kuenstlermonographien","8":"product_cat-zvab","10":"first","11":"instock","12":"purchasable","13":"product-type-simple"},"_links":{"self":[{"href":"https:\/\/antiquariat-steinbach.com\/rarebooks\/wp-json\/wp\/v2\/product\/2381","targetHints":{"allow":["GET"]}}],"collection":[{"href":"https:\/\/antiquariat-steinbach.com\/rarebooks\/wp-json\/wp\/v2\/product"}],"about":[{"href":"https:\/\/antiquariat-steinbach.com\/rarebooks\/wp-json\/wp\/v2\/types\/product"}],"version-history":[{"count":4,"href":"https:\/\/antiquariat-steinbach.com\/rarebooks\/wp-json\/wp\/v2\/product\/2381\/revisions"}],"predecessor-version":[{"id":19226,"href":"https:\/\/antiquariat-steinbach.com\/rarebooks\/wp-json\/wp\/v2\/product\/2381\/revisions\/19226"}],"wp:featuredmedia":[{"embeddable":true,"href":"https:\/\/antiquariat-steinbach.com\/rarebooks\/wp-json\/wp\/v2\/media\/16598"}],"wp:attachment":[{"href":"https:\/\/antiquariat-steinbach.com\/rarebooks\/wp-json\/wp\/v2\/media?parent=2381"}],"wp:term":[{"taxonomy":"product_brand","embeddable":true,"href":"https:\/\/antiquariat-steinbach.com\/rarebooks\/wp-json\/wp\/v2\/product_brand?post=2381"},{"taxonomy":"product_cat","embeddable":true,"href":"https:\/\/antiquariat-steinbach.com\/rarebooks\/wp-json\/wp\/v2\/product_cat?post=2381"},{"taxonomy":"product_tag","embeddable":true,"href":"https:\/\/antiquariat-steinbach.com\/rarebooks\/wp-json\/wp\/v2\/product_tag?post=2381"}],"curies":[{"name":"wp","href":"https:\/\/api.w.org\/{rel}","templated":true}]}}