{"id":23755,"date":"2026-03-12T00:18:48","date_gmt":"2026-03-11T23:18:48","guid":{"rendered":"https:\/\/antiquariat-steinbach.com\/rarebooks\/produkt\/physik-schelling-herausgeber-zeitschrift-fuer-spekulative-physik\/"},"modified":"2026-03-12T00:18:48","modified_gmt":"2026-03-11T23:18:48","slug":"physik-schelling-herausgeber-zeitschrift-fuer-spekulative-physik","status":"publish","type":"product","link":"https:\/\/antiquariat-steinbach.com\/rarebooks\/produkt\/physik-schelling-herausgeber-zeitschrift-fuer-spekulative-physik\/","title":{"rendered":"Physik &#8211;   Schelling, Herausgeber. &#8211;  Zeitschrift f\u00fcr spekulative Physik."},"content":{"rendered":"<p>Jena und Leipzig, Gabler, 1800 &#8211; 1801.<\/p>\n<p>Erste und zweiter Band mit je zwei Heften, in einem Band. 20 : 12 cm. IV, 168 Seiten; 156 Seiten, 1 Blatt; 2 Blatt, 154 Seiten, 1 Blatt; XIV, 127 Seiten. Pappband der Zeit.<\/p>\n<p>1800,00 EUR<\/p>\n","protected":false},"excerpt":{"rendered":"<p>Erste Ausgabe. &#8211; Friedrich Wilhelm Joseph Ritter von Schelling (1775-1854) war einer der Hauptvertreter des deutsche Idealismus. Die durch das Studium Spinozas und Brunos befruchtete Auffassung von der wesenhaften Identit\u00e4t, der realen und idealen Sph\u00e4re als lediglich zwei verschiedene Ansichten eines und derselben Absoluten, bildet den Inhalt der sogenannten Identit\u00e4tsphilosophie, die Schelling entwickelte und zuerst in der Zeitschrift f\u00fcr spekulative Phisyk ver\u00f6ffentlichte. &#8211; Titel mit kleinem Sammlerstempel, stellenweise gering fleckig; Einband berieben und bestossen.<\/p>\n","protected":false},"featured_media":23757,"template":"","meta":[],"product_brand":[],"product_cat":[59,187,183,166,914],"product_tag":[],"class_list":{"0":"post-23755","1":"product","2":"type-product","3":"status-publish","4":"has-post-thumbnail","6":"product_cat-kulturgeschichte","7":"product_cat-philosophie","8":"product_cat-physik","9":"product_cat-wissenschaften","10":"product_cat-zvab","12":"first","13":"instock","14":"purchasable","15":"product-type-simple"},"_links":{"self":[{"href":"https:\/\/antiquariat-steinbach.com\/rarebooks\/wp-json\/wp\/v2\/product\/23755","targetHints":{"allow":["GET"]}}],"collection":[{"href":"https:\/\/antiquariat-steinbach.com\/rarebooks\/wp-json\/wp\/v2\/product"}],"about":[{"href":"https:\/\/antiquariat-steinbach.com\/rarebooks\/wp-json\/wp\/v2\/types\/product"}],"version-history":[{"count":1,"href":"https:\/\/antiquariat-steinbach.com\/rarebooks\/wp-json\/wp\/v2\/product\/23755\/revisions"}],"predecessor-version":[{"id":23756,"href":"https:\/\/antiquariat-steinbach.com\/rarebooks\/wp-json\/wp\/v2\/product\/23755\/revisions\/23756"}],"wp:featuredmedia":[{"embeddable":true,"href":"https:\/\/antiquariat-steinbach.com\/rarebooks\/wp-json\/wp\/v2\/media\/23757"}],"wp:attachment":[{"href":"https:\/\/antiquariat-steinbach.com\/rarebooks\/wp-json\/wp\/v2\/media?parent=23755"}],"wp:term":[{"taxonomy":"product_brand","embeddable":true,"href":"https:\/\/antiquariat-steinbach.com\/rarebooks\/wp-json\/wp\/v2\/product_brand?post=23755"},{"taxonomy":"product_cat","embeddable":true,"href":"https:\/\/antiquariat-steinbach.com\/rarebooks\/wp-json\/wp\/v2\/product_cat?post=23755"},{"taxonomy":"product_tag","embeddable":true,"href":"https:\/\/antiquariat-steinbach.com\/rarebooks\/wp-json\/wp\/v2\/product_tag?post=23755"}],"curies":[{"name":"wp","href":"https:\/\/api.w.org\/{rel}","templated":true}]}}