{"id":2373,"date":"2026-03-12T00:06:05","date_gmt":"2026-03-11T23:06:05","guid":{"rendered":"http:\/\/antiquariat-steinbach.com\/rarebooks\/produkt\/die-liebesgedichte-von-daphnis-und-chloe\/"},"modified":"2026-03-12T00:06:07","modified_gmt":"2026-03-11T23:06:07","slug":"ernst-ludwig-presse-longus-die-liebesgedichte-von-daphnis-und-chloe","status":"publish","type":"product","link":"https:\/\/antiquariat-steinbach.com\/rarebooks\/produkt\/ernst-ludwig-presse-longus-die-liebesgedichte-von-daphnis-und-chloe\/","title":{"rendered":"Ernst Ludwig Presse &#8211;   Longus. &#8211;  Die Liebesgedichte von Daphnis und Chloe."},"content":{"rendered":"<p>Darmstadt, Ernst Ludwig Presse, 1910.<\/p>\n<p>27 : 18 cm. 167 Seiten, 1 Blatt, mit ornamentalen Titel und 4 gold-geh\u00f6hten Initialen. Original gr\u00fcner Lederband, Vorderdeckel reich vergoldet, Kopfgoldschnitt, R\u00fcckentitelin Gold (signiert Demeter, Leipzig).<\/p>\n<p>480,00 EUR<\/p>\n","protected":false},"excerpt":{"rendered":"<p>Eines von 250 Exemplaren. 10. Buch der Ernst Ludwig Preses.- Titel mit kleinem Sammler-Stempel, R\u00fccken etwas ausgeblichen. &#8211; St\u00fcrz 10; Rodenberg 75.<\/p>\n","protected":false},"featured_media":0,"template":"","meta":[],"product_brand":[],"product_cat":[29,152,43,32,46,914],"product_tag":[],"class_list":{"0":"post-2373","1":"product","2":"type-product","3":"status-publish","5":"product_cat-20-jahrhundert","6":"product_cat-erotica","7":"product_cat-illustrierte-buecher","8":"product_cat-literatur","9":"product_cat-pressendrucke","10":"product_cat-zvab","12":"first","13":"instock","14":"purchasable","15":"product-type-simple"},"_links":{"self":[{"href":"https:\/\/antiquariat-steinbach.com\/rarebooks\/wp-json\/wp\/v2\/product\/2373","targetHints":{"allow":["GET"]}}],"collection":[{"href":"https:\/\/antiquariat-steinbach.com\/rarebooks\/wp-json\/wp\/v2\/product"}],"about":[{"href":"https:\/\/antiquariat-steinbach.com\/rarebooks\/wp-json\/wp\/v2\/types\/product"}],"version-history":[{"count":3,"href":"https:\/\/antiquariat-steinbach.com\/rarebooks\/wp-json\/wp\/v2\/product\/2373\/revisions"}],"predecessor-version":[{"id":19222,"href":"https:\/\/antiquariat-steinbach.com\/rarebooks\/wp-json\/wp\/v2\/product\/2373\/revisions\/19222"}],"wp:attachment":[{"href":"https:\/\/antiquariat-steinbach.com\/rarebooks\/wp-json\/wp\/v2\/media?parent=2373"}],"wp:term":[{"taxonomy":"product_brand","embeddable":true,"href":"https:\/\/antiquariat-steinbach.com\/rarebooks\/wp-json\/wp\/v2\/product_brand?post=2373"},{"taxonomy":"product_cat","embeddable":true,"href":"https:\/\/antiquariat-steinbach.com\/rarebooks\/wp-json\/wp\/v2\/product_cat?post=2373"},{"taxonomy":"product_tag","embeddable":true,"href":"https:\/\/antiquariat-steinbach.com\/rarebooks\/wp-json\/wp\/v2\/product_tag?post=2373"}],"curies":[{"name":"wp","href":"https:\/\/api.w.org\/{rel}","templated":true}]}}