{"id":23729,"date":"2026-03-12T00:18:02","date_gmt":"2026-03-11T23:18:02","guid":{"rendered":"https:\/\/antiquariat-steinbach.com\/rarebooks\/produkt\/musen-almanach-der-deutschen-in-spanien-fuer-das-jahr-1918\/"},"modified":"2026-03-12T00:18:04","modified_gmt":"2026-03-11T23:18:04","slug":"musen-almanach-der-deutschen-in-spanien-fuer-das-jahr-1918","status":"publish","type":"product","link":"https:\/\/antiquariat-steinbach.com\/rarebooks\/produkt\/musen-almanach-der-deutschen-in-spanien-fuer-das-jahr-1918\/","title":{"rendered":"Musen-Almanach: &#8211;  der Deutschen in Spanien f\u00fcr das Jahr 1918."},"content":{"rendered":"<p>Barcelona, Deutsche Zeitung f\u00fcr Spanien 1917.<\/p>\n<p>20,5 : 14 cm. 91 p\u00e1ginas con ilustraci\u00f3nes de Thesing. Encudarnaci\u00f3n orginal de tela.<\/p>\n<p>80,00 EUR<\/p>\n","protected":false},"excerpt":{"rendered":"<p>Primera edici\u00f3n.- Ejemplar numerado de una tirade de 500 de la \u00e9dicion \u00fanica.<\/p>\n","protected":false},"featured_media":0,"template":"","meta":[],"product_brand":[],"product_cat":[29,32,148,914],"product_tag":[],"class_list":{"0":"post-23729","1":"product","2":"type-product","3":"status-publish","5":"product_cat-20-jahrhundert","6":"product_cat-literatur","7":"product_cat-spanien","8":"product_cat-zvab","10":"first","11":"instock","12":"purchasable","13":"product-type-simple"},"_links":{"self":[{"href":"https:\/\/antiquariat-steinbach.com\/rarebooks\/wp-json\/wp\/v2\/product\/23729","targetHints":{"allow":["GET"]}}],"collection":[{"href":"https:\/\/antiquariat-steinbach.com\/rarebooks\/wp-json\/wp\/v2\/product"}],"about":[{"href":"https:\/\/antiquariat-steinbach.com\/rarebooks\/wp-json\/wp\/v2\/types\/product"}],"version-history":[{"count":1,"href":"https:\/\/antiquariat-steinbach.com\/rarebooks\/wp-json\/wp\/v2\/product\/23729\/revisions"}],"predecessor-version":[{"id":23730,"href":"https:\/\/antiquariat-steinbach.com\/rarebooks\/wp-json\/wp\/v2\/product\/23729\/revisions\/23730"}],"wp:attachment":[{"href":"https:\/\/antiquariat-steinbach.com\/rarebooks\/wp-json\/wp\/v2\/media?parent=23729"}],"wp:term":[{"taxonomy":"product_brand","embeddable":true,"href":"https:\/\/antiquariat-steinbach.com\/rarebooks\/wp-json\/wp\/v2\/product_brand?post=23729"},{"taxonomy":"product_cat","embeddable":true,"href":"https:\/\/antiquariat-steinbach.com\/rarebooks\/wp-json\/wp\/v2\/product_cat?post=23729"},{"taxonomy":"product_tag","embeddable":true,"href":"https:\/\/antiquariat-steinbach.com\/rarebooks\/wp-json\/wp\/v2\/product_tag?post=23729"}],"curies":[{"name":"wp","href":"https:\/\/api.w.org\/{rel}","templated":true}]}}