{"id":23724,"date":"2026-03-12T00:18:02","date_gmt":"2026-03-11T23:18:02","guid":{"rendered":"https:\/\/antiquariat-steinbach.com\/rarebooks\/produkt\/muralt-johann-von-eydgnoessischer-lust-garte\/"},"modified":"2026-03-12T00:18:03","modified_gmt":"2026-03-11T23:18:03","slug":"muralt-johann-von-eydgnoessischer-lust-garte","status":"publish","type":"product","link":"https:\/\/antiquariat-steinbach.com\/rarebooks\/produkt\/muralt-johann-von-eydgnoessischer-lust-garte\/","title":{"rendered":"Muralt, Johann von: &#8211;  Eydgn\u00f6ssischer Lust-Garte."},"content":{"rendered":"<p>Z\u00fcrich, Lindner 1715.<\/p>\n<p>17 : 10 cm. 16 leaves, 448 pages, 8 leaves With many original woodcuts of plants. Boards in contemporary style.<\/p>\n<p>2450,00 EUR<\/p>\n","protected":false},"excerpt":{"rendered":"<p>First german edition of his &#8222;Botanologia seu Helvetiae Paradisus&#8220; (1710), very rare. No book on gardens as the title might suggest, but a book on medical plants. &#8222;Im Gegensatz zu den meisten Taschenkr\u00e4uterb\u00fcchern ist das vorliegende textlich keine blosse Kompilation und als originale Arbeit von wissenschaftlich historischem Wert. Im eigentlichen Kr\u00e4uterbuch sind die medizinisch verwendeten Pflanzen nach den Monaten, in denen sie gesammelt werden, eingeteilt; die \u00fcbrigen nach dem Bauhin&#8217;schen Pinax, \u00f6fters mit Standortangaben&#8220; (Schmid). Muralt was doctor in Zurich since 1688. &#8211; Without the portrait, otherwise a mint copy. &#8211; Pritzel 6561; Schmid, Kr\u00e4uterb\u00fccher S. 62 (mit Abb.); Hirsch-H. 302-303; not at Nissen.<\/p>\n","protected":false},"featured_media":23726,"template":"","meta":[],"product_brand":[],"product_cat":[37,179,82,150,76,914],"product_tag":[],"class_list":{"0":"post-23724","1":"product","2":"type-product","3":"status-publish","4":"has-post-thumbnail","6":"product_cat-botanik","7":"product_cat-medizin","8":"product_cat-naturwissenschaften","9":"product_cat-pharmazie","10":"product_cat-schweiz","11":"product_cat-zvab","13":"first","14":"instock","15":"purchasable","16":"product-type-simple"},"_links":{"self":[{"href":"https:\/\/antiquariat-steinbach.com\/rarebooks\/wp-json\/wp\/v2\/product\/23724","targetHints":{"allow":["GET"]}}],"collection":[{"href":"https:\/\/antiquariat-steinbach.com\/rarebooks\/wp-json\/wp\/v2\/product"}],"about":[{"href":"https:\/\/antiquariat-steinbach.com\/rarebooks\/wp-json\/wp\/v2\/types\/product"}],"version-history":[{"count":1,"href":"https:\/\/antiquariat-steinbach.com\/rarebooks\/wp-json\/wp\/v2\/product\/23724\/revisions"}],"predecessor-version":[{"id":23725,"href":"https:\/\/antiquariat-steinbach.com\/rarebooks\/wp-json\/wp\/v2\/product\/23724\/revisions\/23725"}],"wp:featuredmedia":[{"embeddable":true,"href":"https:\/\/antiquariat-steinbach.com\/rarebooks\/wp-json\/wp\/v2\/media\/23726"}],"wp:attachment":[{"href":"https:\/\/antiquariat-steinbach.com\/rarebooks\/wp-json\/wp\/v2\/media?parent=23724"}],"wp:term":[{"taxonomy":"product_brand","embeddable":true,"href":"https:\/\/antiquariat-steinbach.com\/rarebooks\/wp-json\/wp\/v2\/product_brand?post=23724"},{"taxonomy":"product_cat","embeddable":true,"href":"https:\/\/antiquariat-steinbach.com\/rarebooks\/wp-json\/wp\/v2\/product_cat?post=23724"},{"taxonomy":"product_tag","embeddable":true,"href":"https:\/\/antiquariat-steinbach.com\/rarebooks\/wp-json\/wp\/v2\/product_tag?post=23724"}],"curies":[{"name":"wp","href":"https:\/\/api.w.org\/{rel}","templated":true}]}}