{"id":23722,"date":"2026-03-12T00:18:02","date_gmt":"2026-03-11T23:18:02","guid":{"rendered":"https:\/\/antiquariat-steinbach.com\/rarebooks\/produkt\/munk-j-und-j-uffelmann-die-ernaehrung-der-gesunden-und-kranken-menschen\/"},"modified":"2026-03-12T00:18:02","modified_gmt":"2026-03-11T23:18:02","slug":"munk-j-und-j-uffelmann-die-ernaehrung-der-gesunden-und-kranken-menschen","status":"publish","type":"product","link":"https:\/\/antiquariat-steinbach.com\/rarebooks\/produkt\/munk-j-und-j-uffelmann-die-ernaehrung-der-gesunden-und-kranken-menschen\/","title":{"rendered":"Munk, J.- und J. Uffelmann. &#8211;  Die Ern\u00e4hrung der gesunden und kranken Menschen."},"content":{"rendered":"<p>Wien und Leipzig, Schwarzenberg, 1891<\/p>\n<p>2. verbesserte Auflage. 2 Teile in 1 Band. 25 : 17,5 cm. VIII, 600 Seiten, 1 gefalteten Farbtafel. Original Leinenband.<\/p>\n<p>45,00 EUR<\/p>\n","protected":false},"excerpt":{"rendered":"<p>Zur Zeit wieder aktuelles Handbuch \u00fcber richtige Ern\u00e4hrung vor allem in Heil- und Pflege-Anstalten. &#8211; R\u00fccken mit kleinen Einrissen.<\/p>\n","protected":false},"featured_media":0,"template":"","meta":[],"product_brand":[],"product_cat":[58,112,179,914],"product_tag":[],"class_list":{"0":"post-23722","1":"product","2":"type-product","3":"status-publish","5":"product_cat-gastronomie","6":"product_cat-kochbuecher","7":"product_cat-medizin","8":"product_cat-zvab","10":"first","11":"instock","12":"purchasable","13":"product-type-simple"},"_links":{"self":[{"href":"https:\/\/antiquariat-steinbach.com\/rarebooks\/wp-json\/wp\/v2\/product\/23722","targetHints":{"allow":["GET"]}}],"collection":[{"href":"https:\/\/antiquariat-steinbach.com\/rarebooks\/wp-json\/wp\/v2\/product"}],"about":[{"href":"https:\/\/antiquariat-steinbach.com\/rarebooks\/wp-json\/wp\/v2\/types\/product"}],"version-history":[{"count":1,"href":"https:\/\/antiquariat-steinbach.com\/rarebooks\/wp-json\/wp\/v2\/product\/23722\/revisions"}],"predecessor-version":[{"id":23723,"href":"https:\/\/antiquariat-steinbach.com\/rarebooks\/wp-json\/wp\/v2\/product\/23722\/revisions\/23723"}],"wp:attachment":[{"href":"https:\/\/antiquariat-steinbach.com\/rarebooks\/wp-json\/wp\/v2\/media?parent=23722"}],"wp:term":[{"taxonomy":"product_brand","embeddable":true,"href":"https:\/\/antiquariat-steinbach.com\/rarebooks\/wp-json\/wp\/v2\/product_brand?post=23722"},{"taxonomy":"product_cat","embeddable":true,"href":"https:\/\/antiquariat-steinbach.com\/rarebooks\/wp-json\/wp\/v2\/product_cat?post=23722"},{"taxonomy":"product_tag","embeddable":true,"href":"https:\/\/antiquariat-steinbach.com\/rarebooks\/wp-json\/wp\/v2\/product_tag?post=23722"}],"curies":[{"name":"wp","href":"https:\/\/api.w.org\/{rel}","templated":true}]}}