{"id":23713,"date":"2026-03-12T00:17:00","date_gmt":"2026-03-11T23:17:00","guid":{"rendered":"https:\/\/antiquariat-steinbach.com\/rarebooks\/produkt\/muenchner-secession-muenchner-secession-herbst-1947-und-herbst-1948\/"},"modified":"2026-03-12T00:17:01","modified_gmt":"2026-03-11T23:17:01","slug":"muenchner-secession-muenchner-secession-herbst-1947-und-herbst-1948","status":"publish","type":"product","link":"https:\/\/antiquariat-steinbach.com\/rarebooks\/produkt\/muenchner-secession-muenchner-secession-herbst-1947-und-herbst-1948\/","title":{"rendered":"M\u00fcnchner Secession &#8211;   M\u00fcnchner Secession. Herbst 1947 und Herbst 1948."},"content":{"rendered":"<p>M\u00fcnchen, St\u00e4dtische Galerie, 1947 &#8211; 1948.<\/p>\n<p>2 B\u00e4nde. 21 : 15 cm. bzw. 17 : 12,5 cm. 16 Blatt mit 24 ganzseitigen Abbildungen &#8211; 16 Blatt mit 26 ganzseitigen Abbildungen. Farbig illustrierter Original-Umschlag<\/p>\n<p>40,00 EUR<\/p>\n","protected":false},"excerpt":{"rendered":"<p>Enth\u00e4lt Arbeiten von Bauriedl, Diez, Erbsl\u00f6h, Frank, Grassmann, Heubner, Kohlhoff, Mayershofer, Rohricht, Seyler, Stangl u.v.a.<\/p>\n","protected":false},"featured_media":23715,"template":"","meta":[],"product_brand":[],"product_cat":[29,74,204,914],"product_tag":[],"class_list":{"0":"post-23713","1":"product","2":"type-product","3":"status-publish","4":"has-post-thumbnail","6":"product_cat-20-jahrhundert","7":"product_cat-deutschland","8":"product_cat-secession","9":"product_cat-zvab","11":"first","12":"instock","13":"purchasable","14":"product-type-simple"},"_links":{"self":[{"href":"https:\/\/antiquariat-steinbach.com\/rarebooks\/wp-json\/wp\/v2\/product\/23713","targetHints":{"allow":["GET"]}}],"collection":[{"href":"https:\/\/antiquariat-steinbach.com\/rarebooks\/wp-json\/wp\/v2\/product"}],"about":[{"href":"https:\/\/antiquariat-steinbach.com\/rarebooks\/wp-json\/wp\/v2\/types\/product"}],"version-history":[{"count":1,"href":"https:\/\/antiquariat-steinbach.com\/rarebooks\/wp-json\/wp\/v2\/product\/23713\/revisions"}],"predecessor-version":[{"id":23714,"href":"https:\/\/antiquariat-steinbach.com\/rarebooks\/wp-json\/wp\/v2\/product\/23713\/revisions\/23714"}],"wp:featuredmedia":[{"embeddable":true,"href":"https:\/\/antiquariat-steinbach.com\/rarebooks\/wp-json\/wp\/v2\/media\/23715"}],"wp:attachment":[{"href":"https:\/\/antiquariat-steinbach.com\/rarebooks\/wp-json\/wp\/v2\/media?parent=23713"}],"wp:term":[{"taxonomy":"product_brand","embeddable":true,"href":"https:\/\/antiquariat-steinbach.com\/rarebooks\/wp-json\/wp\/v2\/product_brand?post=23713"},{"taxonomy":"product_cat","embeddable":true,"href":"https:\/\/antiquariat-steinbach.com\/rarebooks\/wp-json\/wp\/v2\/product_cat?post=23713"},{"taxonomy":"product_tag","embeddable":true,"href":"https:\/\/antiquariat-steinbach.com\/rarebooks\/wp-json\/wp\/v2\/product_tag?post=23713"}],"curies":[{"name":"wp","href":"https:\/\/api.w.org\/{rel}","templated":true}]}}