{"id":23709,"date":"2026-03-12T00:17:00","date_gmt":"2026-03-11T23:17:00","guid":{"rendered":"https:\/\/antiquariat-steinbach.com\/rarebooks\/produkt\/muenchner-blaetter-fuer-dichtung-und-graphik\/"},"modified":"2026-03-12T00:17:01","modified_gmt":"2026-03-11T23:17:01","slug":"muenchner-blaetter-fuer-dichtung-und-graphik","status":"publish","type":"product","link":"https:\/\/antiquariat-steinbach.com\/rarebooks\/produkt\/muenchner-blaetter-fuer-dichtung-und-graphik\/","title":{"rendered":"M\u00fcnchner Bl\u00e4tter: &#8211;  f\u00fcr Dichtung und Graphik."},"content":{"rendered":"<p>M\u00fcnchen, Wolff 1919.<\/p>\n<p>1. Jahrgang, Heft 4. 29 : 22,5 cm. Seiten 49 &#8211; 64, 1 Blatt Mit 4 Original-Lithographien. Illustrierter Original-Umschlag.<\/p>\n<p>150,00 EUR<\/p>\n","protected":false},"excerpt":{"rendered":"<p>Mit Original-Lithographien von Alfred Kubin, Karl Caspar, Ren\u00e9 Beeh und Rudolf Grossmann. Mit literarischen Beitr\u00e4gen von Curt Corrinth, Hans Schiebelhuth u.a.<\/p>\n","protected":false},"featured_media":0,"template":"","meta":[],"product_brand":[],"product_cat":[29,43,914],"product_tag":[],"class_list":{"0":"post-23709","1":"product","2":"type-product","3":"status-publish","5":"product_cat-20-jahrhundert","6":"product_cat-illustrierte-buecher","7":"product_cat-zvab","9":"first","10":"instock","11":"purchasable","12":"product-type-simple"},"_links":{"self":[{"href":"https:\/\/antiquariat-steinbach.com\/rarebooks\/wp-json\/wp\/v2\/product\/23709","targetHints":{"allow":["GET"]}}],"collection":[{"href":"https:\/\/antiquariat-steinbach.com\/rarebooks\/wp-json\/wp\/v2\/product"}],"about":[{"href":"https:\/\/antiquariat-steinbach.com\/rarebooks\/wp-json\/wp\/v2\/types\/product"}],"version-history":[{"count":1,"href":"https:\/\/antiquariat-steinbach.com\/rarebooks\/wp-json\/wp\/v2\/product\/23709\/revisions"}],"predecessor-version":[{"id":23710,"href":"https:\/\/antiquariat-steinbach.com\/rarebooks\/wp-json\/wp\/v2\/product\/23709\/revisions\/23710"}],"wp:attachment":[{"href":"https:\/\/antiquariat-steinbach.com\/rarebooks\/wp-json\/wp\/v2\/media?parent=23709"}],"wp:term":[{"taxonomy":"product_brand","embeddable":true,"href":"https:\/\/antiquariat-steinbach.com\/rarebooks\/wp-json\/wp\/v2\/product_brand?post=23709"},{"taxonomy":"product_cat","embeddable":true,"href":"https:\/\/antiquariat-steinbach.com\/rarebooks\/wp-json\/wp\/v2\/product_cat?post=23709"},{"taxonomy":"product_tag","embeddable":true,"href":"https:\/\/antiquariat-steinbach.com\/rarebooks\/wp-json\/wp\/v2\/product_tag?post=23709"}],"curies":[{"name":"wp","href":"https:\/\/api.w.org\/{rel}","templated":true}]}}