{"id":23702,"date":"2026-03-12T00:17:00","date_gmt":"2026-03-11T23:17:00","guid":{"rendered":"https:\/\/antiquariat-steinbach.com\/rarebooks\/produkt\/muenchhausen-buerger-g-a-des-freiherrn-von-muenchhausen-reisen-und-abenteuer\/"},"modified":"2026-03-12T00:17:00","modified_gmt":"2026-03-11T23:17:00","slug":"muenchhausen-buerger-g-a-des-freiherrn-von-muenchhausen-reisen-und-abenteuer","status":"publish","type":"product","link":"https:\/\/antiquariat-steinbach.com\/rarebooks\/produkt\/muenchhausen-buerger-g-a-des-freiherrn-von-muenchhausen-reisen-und-abenteuer\/","title":{"rendered":"M\u00fcnchhausen &#8211;   B\u00fcrger, G.A. &#8211;  Des Freiherrn von M\u00fcnchhausen Reisen und Abenteuer."},"content":{"rendered":"<p>Stuttgart, Thienemann, 1894.<\/p>\n<p>7th edition. 23 : 16,5 cm. 120 pages, with 8 coloured plates by W. Simmler Coloured illustrated cloth with typograic dust-jacket.<\/p>\n<p>60,00 EUR<\/p>\n","protected":false},"excerpt":{"rendered":"<p>A mint copy, rare with dust-jacket.<\/p>\n","protected":false},"featured_media":23704,"template":"","meta":[],"product_brand":[],"product_cat":[382,43,60,914],"product_tag":[],"class_list":{"0":"post-23702","1":"product","2":"type-product","3":"status-publish","4":"has-post-thumbnail","6":"product_cat-childrens","7":"product_cat-illustrierte-buecher","8":"product_cat-kinderbuecher","9":"product_cat-zvab","11":"first","12":"instock","13":"purchasable","14":"product-type-simple"},"_links":{"self":[{"href":"https:\/\/antiquariat-steinbach.com\/rarebooks\/wp-json\/wp\/v2\/product\/23702","targetHints":{"allow":["GET"]}}],"collection":[{"href":"https:\/\/antiquariat-steinbach.com\/rarebooks\/wp-json\/wp\/v2\/product"}],"about":[{"href":"https:\/\/antiquariat-steinbach.com\/rarebooks\/wp-json\/wp\/v2\/types\/product"}],"version-history":[{"count":1,"href":"https:\/\/antiquariat-steinbach.com\/rarebooks\/wp-json\/wp\/v2\/product\/23702\/revisions"}],"predecessor-version":[{"id":23703,"href":"https:\/\/antiquariat-steinbach.com\/rarebooks\/wp-json\/wp\/v2\/product\/23702\/revisions\/23703"}],"wp:featuredmedia":[{"embeddable":true,"href":"https:\/\/antiquariat-steinbach.com\/rarebooks\/wp-json\/wp\/v2\/media\/23704"}],"wp:attachment":[{"href":"https:\/\/antiquariat-steinbach.com\/rarebooks\/wp-json\/wp\/v2\/media?parent=23702"}],"wp:term":[{"taxonomy":"product_brand","embeddable":true,"href":"https:\/\/antiquariat-steinbach.com\/rarebooks\/wp-json\/wp\/v2\/product_brand?post=23702"},{"taxonomy":"product_cat","embeddable":true,"href":"https:\/\/antiquariat-steinbach.com\/rarebooks\/wp-json\/wp\/v2\/product_cat?post=23702"},{"taxonomy":"product_tag","embeddable":true,"href":"https:\/\/antiquariat-steinbach.com\/rarebooks\/wp-json\/wp\/v2\/product_tag?post=23702"}],"curies":[{"name":"wp","href":"https:\/\/api.w.org\/{rel}","templated":true}]}}