{"id":23690,"date":"2026-03-12T00:16:58","date_gmt":"2026-03-11T23:16:58","guid":{"rendered":"https:\/\/antiquariat-steinbach.com\/rarebooks\/produkt\/muenchen-theater-sammlung-von-32-theaterzettel-des-k-residenz-theaters-muenchen\/"},"modified":"2026-03-12T00:17:00","modified_gmt":"2026-03-11T23:17:00","slug":"muenchen-theater-sammlung-von-32-theaterzettel-des-k-residenz-theaters-muenchen","status":"publish","type":"product","link":"https:\/\/antiquariat-steinbach.com\/rarebooks\/produkt\/muenchen-theater-sammlung-von-32-theaterzettel-des-k-residenz-theaters-muenchen\/","title":{"rendered":"M\u00fcnchen &#8211; Theater &#8211;   Sammlung von 32 Theaterzettel des K. Residenz-Theaters M\u00fcnchen."},"content":{"rendered":"<p>M\u00fcnchen, 1859 &#8211; 1895.<\/p>\n<p>42 : 29 cm &#8211; 30 : 21 cm. Gr\u00f6\u00dftenteils Kopien auf verschiedenen Papieren.<\/p>\n<p>32,00 EUR<\/p>\n","protected":false},"excerpt":{"rendered":"<p>Aufgef\u00fchrt wurden: Das K\u00e4thchen von Heilbronn &#8211; Tristan und Isolde &#8211; Eine Tasse Thee &#8211; Der schwarze Domino etc. &#8211; Teils gering knittrig.<\/p>\n","protected":false},"featured_media":23692,"template":"","meta":[],"product_brand":[],"product_cat":[73,972,145,914],"product_tag":[],"class_list":{"0":"post-23690","1":"product","2":"type-product","3":"status-publish","4":"has-post-thumbnail","6":"product_cat-bayern","7":"product_cat-muenchen-2000","8":"product_cat-theater","9":"product_cat-zvab","11":"first","12":"instock","13":"purchasable","14":"product-type-simple"},"_links":{"self":[{"href":"https:\/\/antiquariat-steinbach.com\/rarebooks\/wp-json\/wp\/v2\/product\/23690","targetHints":{"allow":["GET"]}}],"collection":[{"href":"https:\/\/antiquariat-steinbach.com\/rarebooks\/wp-json\/wp\/v2\/product"}],"about":[{"href":"https:\/\/antiquariat-steinbach.com\/rarebooks\/wp-json\/wp\/v2\/types\/product"}],"version-history":[{"count":1,"href":"https:\/\/antiquariat-steinbach.com\/rarebooks\/wp-json\/wp\/v2\/product\/23690\/revisions"}],"predecessor-version":[{"id":23691,"href":"https:\/\/antiquariat-steinbach.com\/rarebooks\/wp-json\/wp\/v2\/product\/23690\/revisions\/23691"}],"wp:featuredmedia":[{"embeddable":true,"href":"https:\/\/antiquariat-steinbach.com\/rarebooks\/wp-json\/wp\/v2\/media\/23692"}],"wp:attachment":[{"href":"https:\/\/antiquariat-steinbach.com\/rarebooks\/wp-json\/wp\/v2\/media?parent=23690"}],"wp:term":[{"taxonomy":"product_brand","embeddable":true,"href":"https:\/\/antiquariat-steinbach.com\/rarebooks\/wp-json\/wp\/v2\/product_brand?post=23690"},{"taxonomy":"product_cat","embeddable":true,"href":"https:\/\/antiquariat-steinbach.com\/rarebooks\/wp-json\/wp\/v2\/product_cat?post=23690"},{"taxonomy":"product_tag","embeddable":true,"href":"https:\/\/antiquariat-steinbach.com\/rarebooks\/wp-json\/wp\/v2\/product_tag?post=23690"}],"curies":[{"name":"wp","href":"https:\/\/api.w.org\/{rel}","templated":true}]}}