{"id":23688,"date":"2026-03-12T00:16:58","date_gmt":"2026-03-11T23:16:58","guid":{"rendered":"https:\/\/antiquariat-steinbach.com\/rarebooks\/produkt\/muenchen-wolf-georg-jacob-ein-jahrhundert-muenchen-1800-1900\/"},"modified":"2026-03-12T00:16:59","modified_gmt":"2026-03-11T23:16:59","slug":"muenchen-wolf-georg-jacob-ein-jahrhundert-muenchen-1800-1900","status":"publish","type":"product","link":"https:\/\/antiquariat-steinbach.com\/rarebooks\/produkt\/muenchen-wolf-georg-jacob-ein-jahrhundert-muenchen-1800-1900\/","title":{"rendered":"M\u00fcnchen &#8211;   Wolf, Georg Jacob: &#8211;  Ein Jahrhundert M\u00fcnchen 1800 &#8211; 1900."},"content":{"rendered":"<p>Leipzig, Schmidt &#038; G\u00fcnther 1935.<\/p>\n<p>3. ver\u00e4nderte Auflage. 24,5 : 18. VII, 532 Seiten mit sehr vielen Tafeln und Abbildungen. Original-Leinenband.<\/p>\n<p>15,00 EUR<\/p>\n","protected":false},"excerpt":{"rendered":"<p>Leipzig, Schmidt &#038; G\u00fcnther 1935. 3. ver\u00e4nderte Auflage. 24,5 : 18. VII, 532 Seiten mit sehr vielen Tafeln und Abbildungen.&hellip;<\/p>\n","protected":false},"featured_media":0,"template":"","meta":[],"product_brand":[],"product_cat":[73,467,914],"product_tag":[],"class_list":{"0":"post-23688","1":"product","2":"type-product","3":"status-publish","5":"product_cat-bayern","6":"product_cat-monacensia","7":"product_cat-zvab","9":"first","10":"instock","11":"purchasable","12":"product-type-simple"},"_links":{"self":[{"href":"https:\/\/antiquariat-steinbach.com\/rarebooks\/wp-json\/wp\/v2\/product\/23688","targetHints":{"allow":["GET"]}}],"collection":[{"href":"https:\/\/antiquariat-steinbach.com\/rarebooks\/wp-json\/wp\/v2\/product"}],"about":[{"href":"https:\/\/antiquariat-steinbach.com\/rarebooks\/wp-json\/wp\/v2\/types\/product"}],"version-history":[{"count":1,"href":"https:\/\/antiquariat-steinbach.com\/rarebooks\/wp-json\/wp\/v2\/product\/23688\/revisions"}],"predecessor-version":[{"id":23689,"href":"https:\/\/antiquariat-steinbach.com\/rarebooks\/wp-json\/wp\/v2\/product\/23688\/revisions\/23689"}],"wp:attachment":[{"href":"https:\/\/antiquariat-steinbach.com\/rarebooks\/wp-json\/wp\/v2\/media?parent=23688"}],"wp:term":[{"taxonomy":"product_brand","embeddable":true,"href":"https:\/\/antiquariat-steinbach.com\/rarebooks\/wp-json\/wp\/v2\/product_brand?post=23688"},{"taxonomy":"product_cat","embeddable":true,"href":"https:\/\/antiquariat-steinbach.com\/rarebooks\/wp-json\/wp\/v2\/product_cat?post=23688"},{"taxonomy":"product_tag","embeddable":true,"href":"https:\/\/antiquariat-steinbach.com\/rarebooks\/wp-json\/wp\/v2\/product_tag?post=23688"}],"curies":[{"name":"wp","href":"https:\/\/api.w.org\/{rel}","templated":true}]}}